{"id":209200,"date":"2026-03-27T09:00:48","date_gmt":"2026-03-27T07:00:48","guid":{"rendered":"https:\/\/ventspils.citro.lv\/veikals\/konfektes-koslaj-chewits-blue-rasberry-30g\/"},"modified":"2026-03-27T09:00:52","modified_gmt":"2026-03-27T07:00:52","slug":"konfektes-koslaj-chewits-blue-rasberry-30g","status":"publish","type":"product","link":"https:\/\/ventspils.citro.lv\/ru\/veikals\/konfektes-koslaj-chewits-blue-rasberry-30g\/","title":{"rendered":"Konfektes ko\u0161\u013c\u0101j.Chewits blue rasberry 30g"},"content":{"rendered":"","protected":false},"excerpt":{"rendered":"<p>12.33 \u20ac\/kg<\/p>\n","protected":false},"featured_media":1236218,"template":"","meta":{"_acf_changed":false,"inline_featured_image":false},"product_cat":[533,125],"product_tag":[],"acf":[],"aioseo_notices":[],"_links":{"self":[{"href":"https:\/\/ventspils.citro.lv\/ru\/wp-json\/wp\/v2\/product\/209200"}],"collection":[{"href":"https:\/\/ventspils.citro.lv\/ru\/wp-json\/wp\/v2\/product"}],"about":[{"href":"https:\/\/ventspils.citro.lv\/ru\/wp-json\/wp\/v2\/types\/product"}],"wp:featuredmedia":[{"embeddable":true,"href":"https:\/\/ventspils.citro.lv\/ru\/wp-json\/wp\/v2\/media\/1236218"}],"wp:attachment":[{"href":"https:\/\/ventspils.citro.lv\/ru\/wp-json\/wp\/v2\/media?parent=209200"}],"wp:term":[{"taxonomy":"product_cat","embeddable":true,"href":"https:\/\/ventspils.citro.lv\/ru\/wp-json\/wp\/v2\/product_cat?post=209200"},{"taxonomy":"product_tag","embeddable":true,"href":"https:\/\/ventspils.citro.lv\/ru\/wp-json\/wp\/v2\/product_tag?post=209200"}],"curies":[{"name":"wp","href":"https:\/\/api.w.org\/{rel}","templated":true}]}}