{"id":207316,"date":"2026-02-18T02:18:38","date_gmt":"2026-02-18T00:18:38","guid":{"rendered":"https:\/\/ventspils.citro.lv\/veikals\/pastete-aknu-citro-sver\/"},"modified":"2026-04-15T13:40:13","modified_gmt":"2026-04-15T10:40:13","slug":"pastete-aknu-citro-sver","status":"publish","type":"product","link":"https:\/\/ventspils.citro.lv\/ru\/veikals\/pastete-aknu-citro-sver\/","title":{"rendered":"Past\u0113te aknu Citro sver."},"content":{"rendered":"<p>Sast\u0101vda\u013cas: liellopu akna (60%), \u016bdens, c\/g spe\u0137is, sviests, s\u012bpoli, burk\u0101ni, p\u0101rtikas s\u0101ls, melnie pipari.100 g produkta satur:  ener\u0123\u0113tisk\u0101 v\u0113rt\u012bba 1137 KJ\/274 kcal,  tauki 24,3 g, tostarp pies\u0101tin\u0101t\u0101s tauksk\u0101bes 10,4 g, og\u013chidr\u0101ti 2,7 g, tostarp cukuri 0,1 g,  olbaltumvielas 11,3 g, s\u0101ls 1,1 g. Uzglab\u0101\u0161anas temperat\u016bra : +2&#8230;+6 C. Izlietot l\u012bdz: nor\u0101d\u012bts uz iepakojuma. Ra\u017eot\u0101js: SIA Di\u0101na Bistro, Andreja iela 5, Ventspils<\/p>\n","protected":false},"excerpt":{"rendered":"<p>6.99 \u20ac\/kg<\/p>\n","protected":false},"featured_media":1210916,"template":"","meta":{"_acf_changed":false,"inline_featured_image":false},"product_cat":[113,114],"product_tag":[],"acf":[],"aioseo_notices":[],"_links":{"self":[{"href":"https:\/\/ventspils.citro.lv\/ru\/wp-json\/wp\/v2\/product\/207316"}],"collection":[{"href":"https:\/\/ventspils.citro.lv\/ru\/wp-json\/wp\/v2\/product"}],"about":[{"href":"https:\/\/ventspils.citro.lv\/ru\/wp-json\/wp\/v2\/types\/product"}],"wp:featuredmedia":[{"embeddable":true,"href":"https:\/\/ventspils.citro.lv\/ru\/wp-json\/wp\/v2\/media\/1210916"}],"wp:attachment":[{"href":"https:\/\/ventspils.citro.lv\/ru\/wp-json\/wp\/v2\/media?parent=207316"}],"wp:term":[{"taxonomy":"product_cat","embeddable":true,"href":"https:\/\/ventspils.citro.lv\/ru\/wp-json\/wp\/v2\/product_cat?post=207316"},{"taxonomy":"product_tag","embeddable":true,"href":"https:\/\/ventspils.citro.lv\/ru\/wp-json\/wp\/v2\/product_tag?post=207316"}],"curies":[{"name":"wp","href":"https:\/\/api.w.org\/{rel}","templated":true}]}}