{"id":207311,"date":"2026-04-15T01:18:02","date_gmt":"2026-04-14T22:18:02","guid":{"rendered":"https:\/\/ventspils.citro.lv\/veikals\/silku-rolmopsi-marinade-bez-adu-480-273g\/"},"modified":"2026-04-16T10:35:40","modified_gmt":"2026-04-16T07:35:40","slug":"silku-rolmopsi-marinade-bez-adas-480-273g","status":"publish","type":"product","link":"https:\/\/ventspils.citro.lv\/ru\/veikals\/silku-rolmopsi-marinade-bez-adas-480-273g\/","title":{"rendered":"Si\u013c\u0137u rolmop\u0161i marin\u0101d\u0113 bez \u0101das 480\/273g"},"content":{"rendered":"","protected":false},"excerpt":{"rendered":"<p>11.68 \u20ac\/kg<\/p>\n","protected":false},"featured_media":1245995,"template":"","meta":{"_acf_changed":false,"inline_featured_image":false},"product_cat":[545,135],"product_tag":[],"acf":[],"aioseo_notices":[],"_links":{"self":[{"href":"https:\/\/ventspils.citro.lv\/ru\/wp-json\/wp\/v2\/product\/207311"}],"collection":[{"href":"https:\/\/ventspils.citro.lv\/ru\/wp-json\/wp\/v2\/product"}],"about":[{"href":"https:\/\/ventspils.citro.lv\/ru\/wp-json\/wp\/v2\/types\/product"}],"wp:featuredmedia":[{"embeddable":true,"href":"https:\/\/ventspils.citro.lv\/ru\/wp-json\/wp\/v2\/media\/1245995"}],"wp:attachment":[{"href":"https:\/\/ventspils.citro.lv\/ru\/wp-json\/wp\/v2\/media?parent=207311"}],"wp:term":[{"taxonomy":"product_cat","embeddable":true,"href":"https:\/\/ventspils.citro.lv\/ru\/wp-json\/wp\/v2\/product_cat?post=207311"},{"taxonomy":"product_tag","embeddable":true,"href":"https:\/\/ventspils.citro.lv\/ru\/wp-json\/wp\/v2\/product_tag?post=207311"}],"curies":[{"name":"wp","href":"https:\/\/api.w.org\/{rel}","templated":true}]}}