{"id":206592,"date":"2025-12-19T04:02:01","date_gmt":"2025-12-19T02:02:01","guid":{"rendered":"https:\/\/ventspils.citro.lv\/veikals\/halva-zemesriekstu\/"},"modified":"2025-12-19T04:02:12","modified_gmt":"2025-12-19T02:02:12","slug":"halva-zemesriekstu","status":"publish","type":"product","link":"https:\/\/ventspils.citro.lv\/ru\/veikals\/halva-zemesriekstu\/","title":{"rendered":"Halva zemesriekstu"},"content":{"rendered":"<p>zemesriekstu masa (48%),glikozes s\u012brups,cukurs,saulespu\u0137u s\u0113klu masa(11%),augu e\u013c\u013ca,karameliz\u0113ts cukura s\u012brups,lakricas saknes ekstrakts,sk\u0101buma regul\u0113t\u0101js-citronsk\u0101be,aromatiz\u0113t\u0101js-vanil\u012bns.<\/p>\n","protected":false},"excerpt":{"rendered":"<p>5.99 \u20ac\/kg<\/p>\n","protected":false},"featured_media":1179259,"template":"","meta":{"_acf_changed":false,"inline_featured_image":false},"product_cat":[226,125],"product_tag":[],"acf":[],"aioseo_notices":[],"_links":{"self":[{"href":"https:\/\/ventspils.citro.lv\/ru\/wp-json\/wp\/v2\/product\/206592"}],"collection":[{"href":"https:\/\/ventspils.citro.lv\/ru\/wp-json\/wp\/v2\/product"}],"about":[{"href":"https:\/\/ventspils.citro.lv\/ru\/wp-json\/wp\/v2\/types\/product"}],"wp:featuredmedia":[{"embeddable":true,"href":"https:\/\/ventspils.citro.lv\/ru\/wp-json\/wp\/v2\/media\/1179259"}],"wp:attachment":[{"href":"https:\/\/ventspils.citro.lv\/ru\/wp-json\/wp\/v2\/media?parent=206592"}],"wp:term":[{"taxonomy":"product_cat","embeddable":true,"href":"https:\/\/ventspils.citro.lv\/ru\/wp-json\/wp\/v2\/product_cat?post=206592"},{"taxonomy":"product_tag","embeddable":true,"href":"https:\/\/ventspils.citro.lv\/ru\/wp-json\/wp\/v2\/product_tag?post=206592"}],"curies":[{"name":"wp","href":"https:\/\/api.w.org\/{rel}","templated":true}]}}