{"id":2026,"date":"2026-04-29T00:54:57","date_gmt":"2026-04-28T21:54:57","guid":{"rendered":"http:\/\/cvent.dev.wmc.lv\/ventspils\/veikals\/tomati-cherry-250g\/"},"modified":"2026-04-29T00:55:03","modified_gmt":"2026-04-28T21:55:03","slug":"tomati-cherry-sarkanie-250g-2-skmaroka","status":"publish","type":"product","link":"https:\/\/ventspils.citro.lv\/ru\/veikals\/tomati-cherry-sarkanie-250g-2-skmaroka\/","title":{"rendered":"Tom\u0101ti cherry sarkanie 250g 2 \u0161\u0137Maroka"},"content":{"rendered":"","protected":false},"excerpt":{"rendered":"<p>5.16 \u20ac\/kg<\/p>\n","protected":false},"featured_media":1254698,"template":"","meta":{"_acf_changed":false,"inline_featured_image":false},"product_cat":[97,99],"product_tag":[],"acf":[],"aioseo_notices":[],"_links":{"self":[{"href":"https:\/\/ventspils.citro.lv\/ru\/wp-json\/wp\/v2\/product\/2026"}],"collection":[{"href":"https:\/\/ventspils.citro.lv\/ru\/wp-json\/wp\/v2\/product"}],"about":[{"href":"https:\/\/ventspils.citro.lv\/ru\/wp-json\/wp\/v2\/types\/product"}],"wp:featuredmedia":[{"embeddable":true,"href":"https:\/\/ventspils.citro.lv\/ru\/wp-json\/wp\/v2\/media\/1254698"}],"wp:attachment":[{"href":"https:\/\/ventspils.citro.lv\/ru\/wp-json\/wp\/v2\/media?parent=2026"}],"wp:term":[{"taxonomy":"product_cat","embeddable":true,"href":"https:\/\/ventspils.citro.lv\/ru\/wp-json\/wp\/v2\/product_cat?post=2026"},{"taxonomy":"product_tag","embeddable":true,"href":"https:\/\/ventspils.citro.lv\/ru\/wp-json\/wp\/v2\/product_tag?post=2026"}],"curies":[{"name":"wp","href":"https:\/\/api.w.org\/{rel}","templated":true}]}}