{"id":2023,"date":"2026-04-07T01:18:02","date_gmt":"2026-04-06T22:18:02","guid":{"rendered":"http:\/\/cvent.dev.wmc.lv\/ventspils\/veikals\/loki-50g\/"},"modified":"2026-04-07T01:18:15","modified_gmt":"2026-04-06T22:18:15","slug":"loki-latvija-50g-2-sk-latvija","status":"publish","type":"product","link":"https:\/\/ventspils.citro.lv\/ru\/veikals\/loki-latvija-50g-2-sk-latvija\/","title":{"rendered":"Loki Latvija 50g 2.\u0161\u0137.Latvija"},"content":{"rendered":"<p>Fas\u0113ts AS Di\u0101na. Uzglab\u0101t t pie +6 l\u012bdz +10 C<\/p>\n","protected":false},"excerpt":{"rendered":"<p>15.00 \u20ac\/kg<\/p>\n","protected":false},"featured_media":1240065,"template":"","meta":{"_acf_changed":false,"inline_featured_image":false},"product_cat":[97,99],"product_tag":[],"acf":[],"aioseo_notices":[],"_links":{"self":[{"href":"https:\/\/ventspils.citro.lv\/ru\/wp-json\/wp\/v2\/product\/2023"}],"collection":[{"href":"https:\/\/ventspils.citro.lv\/ru\/wp-json\/wp\/v2\/product"}],"about":[{"href":"https:\/\/ventspils.citro.lv\/ru\/wp-json\/wp\/v2\/types\/product"}],"wp:featuredmedia":[{"embeddable":true,"href":"https:\/\/ventspils.citro.lv\/ru\/wp-json\/wp\/v2\/media\/1240065"}],"wp:attachment":[{"href":"https:\/\/ventspils.citro.lv\/ru\/wp-json\/wp\/v2\/media?parent=2023"}],"wp:term":[{"taxonomy":"product_cat","embeddable":true,"href":"https:\/\/ventspils.citro.lv\/ru\/wp-json\/wp\/v2\/product_cat?post=2023"},{"taxonomy":"product_tag","embeddable":true,"href":"https:\/\/ventspils.citro.lv\/ru\/wp-json\/wp\/v2\/product_tag?post=2023"}],"curies":[{"name":"wp","href":"https:\/\/api.w.org\/{rel}","templated":true}]}}