{"id":2022,"date":"2026-05-16T00:51:18","date_gmt":"2026-05-15T21:51:18","guid":{"rendered":"http:\/\/cvent.dev.wmc.lv\/ventspils\/veikals\/dilles-30g\/"},"modified":"2026-05-16T00:51:29","modified_gmt":"2026-05-15T21:51:29","slug":"dilles-2sk-30g-uzbekistana","status":"publish","type":"product","link":"https:\/\/ventspils.citro.lv\/ru\/veikals\/dilles-2sk-30g-uzbekistana\/","title":{"rendered":"Dilles  2\u0161\u0137  30g Uzbekist\u0101na"},"content":{"rendered":"","protected":false},"excerpt":{"rendered":"<p>21.67 \u20ac\/kg<\/p>\n","protected":false},"featured_media":1042725,"template":"","meta":{"_acf_changed":false,"inline_featured_image":false},"product_cat":[97,99],"product_tag":[],"acf":[],"aioseo_notices":[],"_links":{"self":[{"href":"https:\/\/ventspils.citro.lv\/ru\/wp-json\/wp\/v2\/product\/2022"}],"collection":[{"href":"https:\/\/ventspils.citro.lv\/ru\/wp-json\/wp\/v2\/product"}],"about":[{"href":"https:\/\/ventspils.citro.lv\/ru\/wp-json\/wp\/v2\/types\/product"}],"wp:featuredmedia":[{"embeddable":true,"href":"https:\/\/ventspils.citro.lv\/ru\/wp-json\/wp\/v2\/media\/1042725"}],"wp:attachment":[{"href":"https:\/\/ventspils.citro.lv\/ru\/wp-json\/wp\/v2\/media?parent=2022"}],"wp:term":[{"taxonomy":"product_cat","embeddable":true,"href":"https:\/\/ventspils.citro.lv\/ru\/wp-json\/wp\/v2\/product_cat?post=2022"},{"taxonomy":"product_tag","embeddable":true,"href":"https:\/\/ventspils.citro.lv\/ru\/wp-json\/wp\/v2\/product_tag?post=2022"}],"curies":[{"name":"wp","href":"https:\/\/api.w.org\/{rel}","templated":true}]}}