{"id":2021,"date":"2026-04-06T01:09:02","date_gmt":"2026-04-05T22:09:02","guid":{"rendered":"http:\/\/cvent.dev.wmc.lv\/ventspils\/veikals\/gurki-garie-latvija-gb\/"},"modified":"2026-04-06T10:18:44","modified_gmt":"2026-04-06T07:18:44","slug":"gurki-garie-1gb-latvija","status":"publish","type":"product","link":"https:\/\/ventspils.citro.lv\/ru\/veikals\/gurki-garie-1gb-latvija\/","title":{"rendered":"Gur\u0137i garie 1gb  Latvija"},"content":{"rendered":"<p>4752004001984 &#8212; Kli\u0123\u0113ni        4752052004241 &#8212; M\u0101rupe<\/p>\n","protected":false},"excerpt":{"rendered":"<p>7.56 \u20ac\/kg<\/p>\n","protected":false},"featured_media":1239891,"template":"","meta":{"_acf_changed":false,"inline_featured_image":false},"product_cat":[97,99],"product_tag":[],"acf":[],"aioseo_notices":[],"_links":{"self":[{"href":"https:\/\/ventspils.citro.lv\/ru\/wp-json\/wp\/v2\/product\/2021"}],"collection":[{"href":"https:\/\/ventspils.citro.lv\/ru\/wp-json\/wp\/v2\/product"}],"about":[{"href":"https:\/\/ventspils.citro.lv\/ru\/wp-json\/wp\/v2\/types\/product"}],"wp:featuredmedia":[{"embeddable":true,"href":"https:\/\/ventspils.citro.lv\/ru\/wp-json\/wp\/v2\/media\/1239891"}],"wp:attachment":[{"href":"https:\/\/ventspils.citro.lv\/ru\/wp-json\/wp\/v2\/media?parent=2021"}],"wp:term":[{"taxonomy":"product_cat","embeddable":true,"href":"https:\/\/ventspils.citro.lv\/ru\/wp-json\/wp\/v2\/product_cat?post=2021"},{"taxonomy":"product_tag","embeddable":true,"href":"https:\/\/ventspils.citro.lv\/ru\/wp-json\/wp\/v2\/product_tag?post=2021"}],"curies":[{"name":"wp","href":"https:\/\/api.w.org\/{rel}","templated":true}]}}