{"id":2019,"date":"2026-05-14T01:15:18","date_gmt":"2026-05-13T22:15:18","guid":{"rendered":"http:\/\/cvent.dev.wmc.lv\/ventspils\/veikals\/ziedkaposti-gb\/"},"modified":"2026-05-14T01:15:29","modified_gmt":"2026-05-13T22:15:29","slug":"ziedkaposti-gabali2-sk-niderlande","status":"publish","type":"product","link":"https:\/\/ventspils.citro.lv\/ru\/veikals\/ziedkaposti-gabali2-sk-niderlande\/","title":{"rendered":"Ziedk\u0101posti (gabali)2 \u0161\u0137.N\u012bderlande"},"content":{"rendered":"","protected":false},"excerpt":{"rendered":"<p>2.55 \u20ac\/gb<\/p>\n","protected":false},"featured_media":1260379,"template":"","meta":{"_acf_changed":false,"inline_featured_image":false},"product_cat":[97,99],"product_tag":[],"acf":[],"aioseo_notices":[],"_links":{"self":[{"href":"https:\/\/ventspils.citro.lv\/ru\/wp-json\/wp\/v2\/product\/2019"}],"collection":[{"href":"https:\/\/ventspils.citro.lv\/ru\/wp-json\/wp\/v2\/product"}],"about":[{"href":"https:\/\/ventspils.citro.lv\/ru\/wp-json\/wp\/v2\/types\/product"}],"wp:featuredmedia":[{"embeddable":true,"href":"https:\/\/ventspils.citro.lv\/ru\/wp-json\/wp\/v2\/media\/1260379"}],"wp:attachment":[{"href":"https:\/\/ventspils.citro.lv\/ru\/wp-json\/wp\/v2\/media?parent=2019"}],"wp:term":[{"taxonomy":"product_cat","embeddable":true,"href":"https:\/\/ventspils.citro.lv\/ru\/wp-json\/wp\/v2\/product_cat?post=2019"},{"taxonomy":"product_tag","embeddable":true,"href":"https:\/\/ventspils.citro.lv\/ru\/wp-json\/wp\/v2\/product_tag?post=2019"}],"curies":[{"name":"wp","href":"https:\/\/api.w.org\/{rel}","templated":true}]}}