{"id":2018,"date":"2026-04-21T00:45:35","date_gmt":"2026-04-20T21:45:35","guid":{"rendered":"http:\/\/cvent.dev.wmc.lv\/ventspils\/veikals\/kiploki-3gb\/"},"modified":"2026-04-21T00:45:45","modified_gmt":"2026-04-20T21:45:45","slug":"kiploki-faseti-2sk-kina","status":"publish","type":"product","link":"https:\/\/ventspils.citro.lv\/ru\/veikals\/kiploki-faseti-2sk-kina\/","title":{"rendered":"\u0136iploki fas\u0113ti  2\u0161\u0137 \u0136\u012bna"},"content":{"rendered":"","protected":false},"excerpt":{"rendered":"<p>0.69 \u20ac\/gb<\/p>\n","protected":false},"featured_media":1247505,"template":"","meta":{"_acf_changed":false,"inline_featured_image":false},"product_cat":[97,99],"product_tag":[],"acf":[],"aioseo_notices":[],"_links":{"self":[{"href":"https:\/\/ventspils.citro.lv\/ru\/wp-json\/wp\/v2\/product\/2018"}],"collection":[{"href":"https:\/\/ventspils.citro.lv\/ru\/wp-json\/wp\/v2\/product"}],"about":[{"href":"https:\/\/ventspils.citro.lv\/ru\/wp-json\/wp\/v2\/types\/product"}],"wp:featuredmedia":[{"embeddable":true,"href":"https:\/\/ventspils.citro.lv\/ru\/wp-json\/wp\/v2\/media\/1247505"}],"wp:attachment":[{"href":"https:\/\/ventspils.citro.lv\/ru\/wp-json\/wp\/v2\/media?parent=2018"}],"wp:term":[{"taxonomy":"product_cat","embeddable":true,"href":"https:\/\/ventspils.citro.lv\/ru\/wp-json\/wp\/v2\/product_cat?post=2018"},{"taxonomy":"product_tag","embeddable":true,"href":"https:\/\/ventspils.citro.lv\/ru\/wp-json\/wp\/v2\/product_tag?post=2018"}],"curies":[{"name":"wp","href":"https:\/\/api.w.org\/{rel}","templated":true}]}}