{"id":201417,"date":"2026-04-10T07:24:59","date_gmt":"2026-04-10T04:24:59","guid":{"rendered":"https:\/\/ventspils.citro.lv\/veikals\/salati-galas-satigie-citro-sver\/"},"modified":"2026-04-10T07:25:09","modified_gmt":"2026-04-10T04:25:09","slug":"salati-galas-satigie-citro-sver","status":"publish","type":"product","link":"https:\/\/ventspils.citro.lv\/ru\/veikals\/salati-galas-satigie-citro-sver\/","title":{"rendered":"Sal\u0101ti ga\u013cas S\u0101t\u012bgie Citro sver."},"content":{"rendered":"<p>Sast\u0101vda\u013cas: kartupe\u013ci, majon\u0113ze (rap\u0161u e\u013c\u013ca, \u016bdens, OLU pulveris, V\u0100JPIENA pulveris, cukurs, s\u0101ls, sk\u0101buma regul\u0113t\u0101ji (eti\u0137sk\u0101be, citronsk\u0101be), konservants (k\u0101lija sorb\u0101ts), biezin\u0101t\u0101ji (modific\u0113ta ciete, gu\u0101ra sve\u0137i, ksant\u0101na sve\u0137i)), c\u016bkga\u013ca 18%, konserv\u0113ti zirn\u012b\u0161i (za\u013cie zirn\u012b\u0161i (70%), \u016bdens, s\u0101ls, cukurs), OLAS, burk\u0101ni, marin\u0113ti gur\u0137i (gur\u0137i, v\u012bna eti\u0137is, s\u0101ls, SINEPJU s\u0113klas, konservants: E211; dab\u012bgs aromatiz\u0113t\u0101js, saldin\u0101t\u0101js: E954), gur\u0137i, s\u0101ls, SINEPES (\u016bdens, SINEPJU pulveris 24,9%, cukurs, rap\u0161u e\u013c\u013ca, s\u0101ls, sk\u0101buma regul\u0113t\u0101js (eti\u0137sk\u0101be), citrusaug\u013cu \u0161\u0137iedra, gar\u0161vielas), melni malti pipari. 100 g produkta satur: ener\u0123\u0113tisk\u0101 v\u0113rt\u012bba 850KJ\/205kcal, tauki 17g, tostarp pies\u0101tin\u0101t\u0101s tauksk\u0101bes 2,2g, og\u013chidr\u0101ti 6,4g, tostarp cukurs 1,5g, \u0161\u0137iedrvielas 1,1g, olbaltumvielas 6,2g, s\u0101ls 1,4g. Uzglab\u0101\u0161anas temperat\u016bra: +2\u2026+6 C. Izlietot l\u012bdz: nor\u0101d\u012bts uz iepakojuma. Ra\u017eot\u0101js: SIA Di\u0101na Bistro, Andreja iela 5, Ventspils.<\/p>\n","protected":false},"excerpt":{"rendered":"<p>7.49 \u20ac\/kg<\/p>\n","protected":false},"featured_media":1243649,"template":"","meta":{"_acf_changed":false,"inline_featured_image":false},"product_cat":[113,212],"product_tag":[],"acf":[],"aioseo_notices":[],"_links":{"self":[{"href":"https:\/\/ventspils.citro.lv\/ru\/wp-json\/wp\/v2\/product\/201417"}],"collection":[{"href":"https:\/\/ventspils.citro.lv\/ru\/wp-json\/wp\/v2\/product"}],"about":[{"href":"https:\/\/ventspils.citro.lv\/ru\/wp-json\/wp\/v2\/types\/product"}],"wp:featuredmedia":[{"embeddable":true,"href":"https:\/\/ventspils.citro.lv\/ru\/wp-json\/wp\/v2\/media\/1243649"}],"wp:attachment":[{"href":"https:\/\/ventspils.citro.lv\/ru\/wp-json\/wp\/v2\/media?parent=201417"}],"wp:term":[{"taxonomy":"product_cat","embeddable":true,"href":"https:\/\/ventspils.citro.lv\/ru\/wp-json\/wp\/v2\/product_cat?post=201417"},{"taxonomy":"product_tag","embeddable":true,"href":"https:\/\/ventspils.citro.lv\/ru\/wp-json\/wp\/v2\/product_tag?post=201417"}],"curies":[{"name":"wp","href":"https:\/\/api.w.org\/{rel}","templated":true}]}}