{"id":201412,"date":"2026-03-31T03:45:37","date_gmt":"2026-03-31T00:45:37","guid":{"rendered":"https:\/\/ventspils.citro.lv\/veikals\/zefirs-ar-vanilas-garsu-170g\/"},"modified":"2026-03-31T03:45:43","modified_gmt":"2026-03-31T00:45:43","slug":"zefirs-ar-vanilas-garsu-170g","status":"publish","type":"product","link":"https:\/\/ventspils.citro.lv\/ru\/veikals\/zefirs-ar-vanilas-garsu-170g\/","title":{"rendered":"Zef\u012brs ar vani\u013cas gar\u0161u 170g"},"content":{"rendered":"","protected":false},"excerpt":{"rendered":"<p>13.47 \u20ac\/kg<\/p>\n","protected":false},"featured_media":1238195,"template":"","meta":{"_acf_changed":false,"inline_featured_image":false},"product_cat":[125,207],"product_tag":[],"acf":[],"aioseo_notices":[],"_links":{"self":[{"href":"https:\/\/ventspils.citro.lv\/ru\/wp-json\/wp\/v2\/product\/201412"}],"collection":[{"href":"https:\/\/ventspils.citro.lv\/ru\/wp-json\/wp\/v2\/product"}],"about":[{"href":"https:\/\/ventspils.citro.lv\/ru\/wp-json\/wp\/v2\/types\/product"}],"wp:featuredmedia":[{"embeddable":true,"href":"https:\/\/ventspils.citro.lv\/ru\/wp-json\/wp\/v2\/media\/1238195"}],"wp:attachment":[{"href":"https:\/\/ventspils.citro.lv\/ru\/wp-json\/wp\/v2\/media?parent=201412"}],"wp:term":[{"taxonomy":"product_cat","embeddable":true,"href":"https:\/\/ventspils.citro.lv\/ru\/wp-json\/wp\/v2\/product_cat?post=201412"},{"taxonomy":"product_tag","embeddable":true,"href":"https:\/\/ventspils.citro.lv\/ru\/wp-json\/wp\/v2\/product_tag?post=201412"}],"curies":[{"name":"wp","href":"https:\/\/api.w.org\/{rel}","templated":true}]}}