{"id":201409,"date":"2026-04-18T01:33:32","date_gmt":"2026-04-17T22:33:32","guid":{"rendered":"https:\/\/ventspils.citro.lv\/veikals\/pastete-kekava-calu-garda-120g\/"},"modified":"2026-04-18T13:40:08","modified_gmt":"2026-04-18T10:40:08","slug":"pastete-kekava-calu-garda-120g","status":"publish","type":"product","link":"https:\/\/ventspils.citro.lv\/ru\/veikals\/pastete-kekava-calu-garda-120g\/","title":{"rendered":"Past\u0113te \u0136ekava c\u0101\u013cu gard\u0101 120g"},"content":{"rendered":"","protected":false},"excerpt":{"rendered":"<p>9.58 \u20ac\/kg<\/p>\n","protected":false},"featured_media":1247136,"template":"","meta":{"_acf_changed":false,"inline_featured_image":false},"product_cat":[135,174],"product_tag":[],"acf":[],"aioseo_notices":[],"_links":{"self":[{"href":"https:\/\/ventspils.citro.lv\/ru\/wp-json\/wp\/v2\/product\/201409"}],"collection":[{"href":"https:\/\/ventspils.citro.lv\/ru\/wp-json\/wp\/v2\/product"}],"about":[{"href":"https:\/\/ventspils.citro.lv\/ru\/wp-json\/wp\/v2\/types\/product"}],"wp:featuredmedia":[{"embeddable":true,"href":"https:\/\/ventspils.citro.lv\/ru\/wp-json\/wp\/v2\/media\/1247136"}],"wp:attachment":[{"href":"https:\/\/ventspils.citro.lv\/ru\/wp-json\/wp\/v2\/media?parent=201409"}],"wp:term":[{"taxonomy":"product_cat","embeddable":true,"href":"https:\/\/ventspils.citro.lv\/ru\/wp-json\/wp\/v2\/product_cat?post=201409"},{"taxonomy":"product_tag","embeddable":true,"href":"https:\/\/ventspils.citro.lv\/ru\/wp-json\/wp\/v2\/product_tag?post=201409"}],"curies":[{"name":"wp","href":"https:\/\/api.w.org\/{rel}","templated":true}]}}