{"id":20122,"date":"2026-04-24T07:54:57","date_gmt":"2026-04-24T04:54:57","guid":{"rendered":"https:\/\/ventspils.citro.lv\/veikals\/zupa-senu-ar-3veidu-senem-doy-paka-470-g\/"},"modified":"2026-04-24T07:55:02","modified_gmt":"2026-04-24T04:55:02","slug":"zupa-senu-ar-3veidu-senem-doy-paka-470-g","status":"publish","type":"product","link":"https:\/\/ventspils.citro.lv\/ru\/veikals\/zupa-senu-ar-3veidu-senem-doy-paka-470-g\/","title":{"rendered":"Zupa S\u0113\u0146u ar 3veidu s\u0113n\u0113m Doy pak\u0101 470 g"},"content":{"rendered":"","protected":false},"excerpt":{"rendered":"<p>4.87 \u20ac\/kg<\/p>\n","protected":false},"featured_media":1252430,"template":"","meta":{"_acf_changed":false,"inline_featured_image":false},"product_cat":[103,137],"product_tag":[],"acf":[],"aioseo_notices":[],"_links":{"self":[{"href":"https:\/\/ventspils.citro.lv\/ru\/wp-json\/wp\/v2\/product\/20122"}],"collection":[{"href":"https:\/\/ventspils.citro.lv\/ru\/wp-json\/wp\/v2\/product"}],"about":[{"href":"https:\/\/ventspils.citro.lv\/ru\/wp-json\/wp\/v2\/types\/product"}],"wp:featuredmedia":[{"embeddable":true,"href":"https:\/\/ventspils.citro.lv\/ru\/wp-json\/wp\/v2\/media\/1252430"}],"wp:attachment":[{"href":"https:\/\/ventspils.citro.lv\/ru\/wp-json\/wp\/v2\/media?parent=20122"}],"wp:term":[{"taxonomy":"product_cat","embeddable":true,"href":"https:\/\/ventspils.citro.lv\/ru\/wp-json\/wp\/v2\/product_cat?post=20122"},{"taxonomy":"product_tag","embeddable":true,"href":"https:\/\/ventspils.citro.lv\/ru\/wp-json\/wp\/v2\/product_tag?post=20122"}],"curies":[{"name":"wp","href":"https:\/\/api.w.org\/{rel}","templated":true}]}}