{"id":20090,"date":"2026-04-24T07:54:46","date_gmt":"2026-04-24T04:54:46","guid":{"rendered":"https:\/\/ventspils.citro.lv\/veikals\/saulespuku-seklas-yes-ar-sali-90g\/"},"modified":"2026-04-24T07:54:50","modified_gmt":"2026-04-24T04:54:50","slug":"saulespuku-seklas-yes-ar-sali-90g","status":"publish","type":"product","link":"https:\/\/ventspils.citro.lv\/ru\/veikals\/saulespuku-seklas-yes-ar-sali-90g\/","title":{"rendered":"Saulespu\u0137u s\u0113klas Yes ar s\u0101li 90g"},"content":{"rendered":"","protected":false},"excerpt":{"rendered":"<p>8.78 \u20ac\/kg<\/p>\n","protected":false},"featured_media":1252428,"template":"","meta":{"_acf_changed":false,"inline_featured_image":false},"product_cat":[125,197],"product_tag":[],"acf":[],"aioseo_notices":[],"_links":{"self":[{"href":"https:\/\/ventspils.citro.lv\/ru\/wp-json\/wp\/v2\/product\/20090"}],"collection":[{"href":"https:\/\/ventspils.citro.lv\/ru\/wp-json\/wp\/v2\/product"}],"about":[{"href":"https:\/\/ventspils.citro.lv\/ru\/wp-json\/wp\/v2\/types\/product"}],"wp:featuredmedia":[{"embeddable":true,"href":"https:\/\/ventspils.citro.lv\/ru\/wp-json\/wp\/v2\/media\/1252428"}],"wp:attachment":[{"href":"https:\/\/ventspils.citro.lv\/ru\/wp-json\/wp\/v2\/media?parent=20090"}],"wp:term":[{"taxonomy":"product_cat","embeddable":true,"href":"https:\/\/ventspils.citro.lv\/ru\/wp-json\/wp\/v2\/product_cat?post=20090"},{"taxonomy":"product_tag","embeddable":true,"href":"https:\/\/ventspils.citro.lv\/ru\/wp-json\/wp\/v2\/product_tag?post=20090"}],"curies":[{"name":"wp","href":"https:\/\/api.w.org\/{rel}","templated":true}]}}