{"id":20045,"date":"2026-03-28T02:03:29","date_gmt":"2026-03-28T00:03:29","guid":{"rendered":"https:\/\/ventspils.citro.lv\/veikals\/tunca-steiks-sava-sula-calvo-80g\/"},"modified":"2026-03-28T02:03:34","modified_gmt":"2026-03-28T00:03:34","slug":"tunca-steiks-sava-sula-calvo-80g","status":"publish","type":"product","link":"https:\/\/ventspils.citro.lv\/ru\/veikals\/tunca-steiks-sava-sula-calvo-80g\/","title":{"rendered":"Tun\u010da steiks sav\u0101 sul\u0101 Calvo 80g"},"content":{"rendered":"","protected":false},"excerpt":{"rendered":"<p>18.63 \u20ac\/kg<\/p>\n","protected":false},"featured_media":1237362,"template":"","meta":{"_acf_changed":false,"inline_featured_image":false},"product_cat":[540,135],"product_tag":[],"acf":[],"aioseo_notices":[],"_links":{"self":[{"href":"https:\/\/ventspils.citro.lv\/ru\/wp-json\/wp\/v2\/product\/20045"}],"collection":[{"href":"https:\/\/ventspils.citro.lv\/ru\/wp-json\/wp\/v2\/product"}],"about":[{"href":"https:\/\/ventspils.citro.lv\/ru\/wp-json\/wp\/v2\/types\/product"}],"wp:featuredmedia":[{"embeddable":true,"href":"https:\/\/ventspils.citro.lv\/ru\/wp-json\/wp\/v2\/media\/1237362"}],"wp:attachment":[{"href":"https:\/\/ventspils.citro.lv\/ru\/wp-json\/wp\/v2\/media?parent=20045"}],"wp:term":[{"taxonomy":"product_cat","embeddable":true,"href":"https:\/\/ventspils.citro.lv\/ru\/wp-json\/wp\/v2\/product_cat?post=20045"},{"taxonomy":"product_tag","embeddable":true,"href":"https:\/\/ventspils.citro.lv\/ru\/wp-json\/wp\/v2\/product_tag?post=20045"}],"curies":[{"name":"wp","href":"https:\/\/api.w.org\/{rel}","templated":true}]}}