{"id":20041,"date":"2026-04-08T04:30:48","date_gmt":"2026-04-08T01:30:48","guid":{"rendered":"https:\/\/ventspils.citro.lv\/veikals\/tunca-steiks-saulespuku-ella-calvo-80g\/"},"modified":"2026-04-08T04:30:58","modified_gmt":"2026-04-08T01:30:58","slug":"tunca-steiks-saulespuku-ella-calvo-80g","status":"publish","type":"product","link":"https:\/\/ventspils.citro.lv\/ru\/veikals\/tunca-steiks-saulespuku-ella-calvo-80g\/","title":{"rendered":"Tun\u010da steiks saulespu\u0137u e\u013c\u013ca Calvo 80g"},"content":{"rendered":"","protected":false},"excerpt":{"rendered":"<p>18.63 \u20ac\/kg<\/p>\n","protected":false},"featured_media":1240915,"template":"","meta":{"_acf_changed":false,"inline_featured_image":false},"product_cat":[540,135],"product_tag":[],"acf":[],"aioseo_notices":[],"_links":{"self":[{"href":"https:\/\/ventspils.citro.lv\/ru\/wp-json\/wp\/v2\/product\/20041"}],"collection":[{"href":"https:\/\/ventspils.citro.lv\/ru\/wp-json\/wp\/v2\/product"}],"about":[{"href":"https:\/\/ventspils.citro.lv\/ru\/wp-json\/wp\/v2\/types\/product"}],"wp:featuredmedia":[{"embeddable":true,"href":"https:\/\/ventspils.citro.lv\/ru\/wp-json\/wp\/v2\/media\/1240915"}],"wp:attachment":[{"href":"https:\/\/ventspils.citro.lv\/ru\/wp-json\/wp\/v2\/media?parent=20041"}],"wp:term":[{"taxonomy":"product_cat","embeddable":true,"href":"https:\/\/ventspils.citro.lv\/ru\/wp-json\/wp\/v2\/product_cat?post=20041"},{"taxonomy":"product_tag","embeddable":true,"href":"https:\/\/ventspils.citro.lv\/ru\/wp-json\/wp\/v2\/product_tag?post=20041"}],"curies":[{"name":"wp","href":"https:\/\/api.w.org\/{rel}","templated":true}]}}