{"id":200190,"date":"2026-04-28T03:00:26","date_gmt":"2026-04-28T00:00:26","guid":{"rendered":"https:\/\/ventspils.citro.lv\/veikals\/konfektes-fortuna\/"},"modified":"2026-04-28T03:00:38","modified_gmt":"2026-04-28T00:00:38","slug":"konfektes-fortuna-vafelu-sver","status":"publish","type":"product","link":"https:\/\/ventspils.citro.lv\/ru\/veikals\/konfektes-fortuna-vafelu-sver\/","title":{"rendered":"Konfektes Fort\u016bna vafe\u013cu sver."},"content":{"rendered":"<p>Cukurs, piln\u012bgi hidrogen\u0113ti palmu kodolu, palmu tauki, vafe\u013cu pl\u0101ksnes un smalcin\u0101tas vafeles (kvie\u0161u milti, \u016bdens, rap\u0161u e\u013c\u013ca, m\u012bklas irdin\u0101t\u0101ji: n\u0101trija karbon\u0101ti, amonija karbon\u0101ti; s\u0101ls, emulgators: sojas lecit\u012bni), kartupe\u013cu krauk\u0161\u0137i (kartupe\u013ci, palmu e\u013c\u013ca), kakao pulveris ar samazin\u0101tu tauku saturu, s\u016bkalu pulveris, aromatiz\u0113t\u0101ji, s\u0101ls, emulgators: sojas lecit\u012bni, sk\u0101buma regul\u0113t\u0101js: piensk\u0101be.<\/p>\n","protected":false},"excerpt":{"rendered":"<p>8.49 \u20ac\/kg<\/p>\n","protected":false},"featured_media":1254211,"template":"","meta":{"_acf_changed":false,"inline_featured_image":false},"product_cat":[533,125],"product_tag":[],"acf":[],"aioseo_notices":[],"_links":{"self":[{"href":"https:\/\/ventspils.citro.lv\/ru\/wp-json\/wp\/v2\/product\/200190"}],"collection":[{"href":"https:\/\/ventspils.citro.lv\/ru\/wp-json\/wp\/v2\/product"}],"about":[{"href":"https:\/\/ventspils.citro.lv\/ru\/wp-json\/wp\/v2\/types\/product"}],"wp:featuredmedia":[{"embeddable":true,"href":"https:\/\/ventspils.citro.lv\/ru\/wp-json\/wp\/v2\/media\/1254211"}],"wp:attachment":[{"href":"https:\/\/ventspils.citro.lv\/ru\/wp-json\/wp\/v2\/media?parent=200190"}],"wp:term":[{"taxonomy":"product_cat","embeddable":true,"href":"https:\/\/ventspils.citro.lv\/ru\/wp-json\/wp\/v2\/product_cat?post=200190"},{"taxonomy":"product_tag","embeddable":true,"href":"https:\/\/ventspils.citro.lv\/ru\/wp-json\/wp\/v2\/product_tag?post=200190"}],"curies":[{"name":"wp","href":"https:\/\/api.w.org\/{rel}","templated":true}]}}