{"id":19963,"date":"2026-04-24T07:51:46","date_gmt":"2026-04-24T04:51:46","guid":{"rendered":"https:\/\/ventspils.citro.lv\/veikals\/jogurta-dzeriens-skyr-ar-meza-zemenu-maskarpones-700g\/"},"modified":"2026-04-24T07:51:56","modified_gmt":"2026-04-24T04:51:56","slug":"jogurta-dzeriens-skyr-ar-meza-zemenu-maskarpones-700g","status":"publish","type":"product","link":"https:\/\/ventspils.citro.lv\/ru\/veikals\/jogurta-dzeriens-skyr-ar-meza-zemenu-maskarpones-700g\/","title":{"rendered":"Jogurta dz\u0113riens Skyr ar me\u017ea zeme\u0146u, maskarpones 700g"},"content":{"rendered":"","protected":false},"excerpt":{"rendered":"<p>3.13 \u20ac\/kg<\/p>\n","protected":false},"featured_media":1252412,"template":"","meta":{"_acf_changed":false,"inline_featured_image":false},"product_cat":[95,100],"product_tag":[],"acf":[],"aioseo_notices":[],"_links":{"self":[{"href":"https:\/\/ventspils.citro.lv\/ru\/wp-json\/wp\/v2\/product\/19963"}],"collection":[{"href":"https:\/\/ventspils.citro.lv\/ru\/wp-json\/wp\/v2\/product"}],"about":[{"href":"https:\/\/ventspils.citro.lv\/ru\/wp-json\/wp\/v2\/types\/product"}],"wp:featuredmedia":[{"embeddable":true,"href":"https:\/\/ventspils.citro.lv\/ru\/wp-json\/wp\/v2\/media\/1252412"}],"wp:attachment":[{"href":"https:\/\/ventspils.citro.lv\/ru\/wp-json\/wp\/v2\/media?parent=19963"}],"wp:term":[{"taxonomy":"product_cat","embeddable":true,"href":"https:\/\/ventspils.citro.lv\/ru\/wp-json\/wp\/v2\/product_cat?post=19963"},{"taxonomy":"product_tag","embeddable":true,"href":"https:\/\/ventspils.citro.lv\/ru\/wp-json\/wp\/v2\/product_tag?post=19963"}],"curies":[{"name":"wp","href":"https:\/\/api.w.org\/{rel}","templated":true}]}}