{"id":199196,"date":"2026-04-28T02:15:42","date_gmt":"2026-04-27T23:15:42","guid":{"rendered":"https:\/\/ventspils.citro.lv\/veikals\/marmelade-asorti\/"},"modified":"2026-04-28T02:15:52","modified_gmt":"2026-04-27T23:15:52","slug":"marmelade-asorti","status":"publish","type":"product","link":"https:\/\/ventspils.citro.lv\/ru\/veikals\/marmelade-asorti\/","title":{"rendered":"Marmel\u0101de asorti"},"content":{"rendered":"<p>Sast\u0101vda\u013cas: cukurs, glikozes s\u012brups , \u016bdens, recin\u0101t\u0101js (p\u0113ktins), sk\u0101buma regul\u0113t\u0101js &#8212; citronsk\u0101be, aromatiz\u0113t\u0101ji identiski  dab\u012bgiem (apels\u012bnu, b\u0101rbe\u013cu, citronu, \u0101bolu), dab\u012bgas kr\u0101svielas no aug\u013ciem un d\u0101rze\u0146iem. 100g produkta uzturv\u0113rt\u012bba: ener\u0123\u0113tisk\u0101 v\u0113rt\u012bba 1344 kJ\/ 321kcal; tauki-0g (tostarp\/pies\u0101tin\u0101t\u0101s tauksk\u0101bes-0g), og\u013chidr\u0101ti-79,4g (tostarp\/cukuri-60g), olbaltumvielas-0,1g, s\u0101ls-0,06g. Fas\u0113ts:A\/S Di\u0101na, Durbes iela 38\/40,Ventspils<\/p>\n","protected":false},"excerpt":{"rendered":"<p>5.99 \u20ac\/kg<\/p>\n","protected":false},"featured_media":1254016,"template":"","meta":{"_acf_changed":false,"inline_featured_image":false},"product_cat":[226,125],"product_tag":[],"acf":[],"aioseo_notices":[],"_links":{"self":[{"href":"https:\/\/ventspils.citro.lv\/ru\/wp-json\/wp\/v2\/product\/199196"}],"collection":[{"href":"https:\/\/ventspils.citro.lv\/ru\/wp-json\/wp\/v2\/product"}],"about":[{"href":"https:\/\/ventspils.citro.lv\/ru\/wp-json\/wp\/v2\/types\/product"}],"wp:featuredmedia":[{"embeddable":true,"href":"https:\/\/ventspils.citro.lv\/ru\/wp-json\/wp\/v2\/media\/1254016"}],"wp:attachment":[{"href":"https:\/\/ventspils.citro.lv\/ru\/wp-json\/wp\/v2\/media?parent=199196"}],"wp:term":[{"taxonomy":"product_cat","embeddable":true,"href":"https:\/\/ventspils.citro.lv\/ru\/wp-json\/wp\/v2\/product_cat?post=199196"},{"taxonomy":"product_tag","embeddable":true,"href":"https:\/\/ventspils.citro.lv\/ru\/wp-json\/wp\/v2\/product_tag?post=199196"}],"curies":[{"name":"wp","href":"https:\/\/api.w.org\/{rel}","templated":true}]}}