{"id":19883,"date":"2025-11-01T02:27:58","date_gmt":"2025-11-01T00:27:58","guid":{"rendered":"https:\/\/ventspils.citro.lv\/veikals\/renges-saldetas-1kg\/"},"modified":"2026-03-26T11:52:56","modified_gmt":"2026-03-26T09:52:56","slug":"renges-saldetas-1kg","status":"publish","type":"product","link":"https:\/\/ventspils.citro.lv\/ru\/veikals\/renges-saldetas-1kg\/","title":{"rendered":"Re\u0146\u0123es sald\u0113tas 1kg"},"content":{"rendered":"","protected":false},"excerpt":{"rendered":"<p>3.29 \u20ac\/kg<\/p>\n","protected":false},"featured_media":1150683,"template":"","meta":{"_acf_changed":false,"inline_featured_image":false},"product_cat":[571,231],"product_tag":[],"acf":[],"aioseo_notices":[],"_links":{"self":[{"href":"https:\/\/ventspils.citro.lv\/ru\/wp-json\/wp\/v2\/product\/19883"}],"collection":[{"href":"https:\/\/ventspils.citro.lv\/ru\/wp-json\/wp\/v2\/product"}],"about":[{"href":"https:\/\/ventspils.citro.lv\/ru\/wp-json\/wp\/v2\/types\/product"}],"wp:featuredmedia":[{"embeddable":true,"href":"https:\/\/ventspils.citro.lv\/ru\/wp-json\/wp\/v2\/media\/1150683"}],"wp:attachment":[{"href":"https:\/\/ventspils.citro.lv\/ru\/wp-json\/wp\/v2\/media?parent=19883"}],"wp:term":[{"taxonomy":"product_cat","embeddable":true,"href":"https:\/\/ventspils.citro.lv\/ru\/wp-json\/wp\/v2\/product_cat?post=19883"},{"taxonomy":"product_tag","embeddable":true,"href":"https:\/\/ventspils.citro.lv\/ru\/wp-json\/wp\/v2\/product_tag?post=19883"}],"curies":[{"name":"wp","href":"https:\/\/api.w.org\/{rel}","templated":true}]}}