{"id":19856,"date":"2026-03-27T08:12:58","date_gmt":"2026-03-27T06:12:58","guid":{"rendered":"https:\/\/ventspils.citro.lv\/veikals\/saldejums-zemnieku-zemenu-mohito-pleve-1200ml-600g\/"},"modified":"2026-03-27T08:13:02","modified_gmt":"2026-03-27T06:13:02","slug":"saldejums-zemnieku-zemenu-mohito-pleve-1200ml-600g","status":"publish","type":"product","link":"https:\/\/ventspils.citro.lv\/ru\/veikals\/saldejums-zemnieku-zemenu-mohito-pleve-1200ml-600g\/","title":{"rendered":"Sald\u0113jums Zemnieku zeme\u0146u mohito pl\u0113v\u0113 1200ml\/600g"},"content":{"rendered":"","protected":false},"excerpt":{"rendered":"<p>4.15 \u20ac\/kg<\/p>\n","protected":false},"featured_media":1236019,"template":"","meta":{"_acf_changed":false,"inline_featured_image":false},"product_cat":[233,546],"product_tag":[],"acf":[],"aioseo_notices":[],"_links":{"self":[{"href":"https:\/\/ventspils.citro.lv\/ru\/wp-json\/wp\/v2\/product\/19856"}],"collection":[{"href":"https:\/\/ventspils.citro.lv\/ru\/wp-json\/wp\/v2\/product"}],"about":[{"href":"https:\/\/ventspils.citro.lv\/ru\/wp-json\/wp\/v2\/types\/product"}],"wp:featuredmedia":[{"embeddable":true,"href":"https:\/\/ventspils.citro.lv\/ru\/wp-json\/wp\/v2\/media\/1236019"}],"wp:attachment":[{"href":"https:\/\/ventspils.citro.lv\/ru\/wp-json\/wp\/v2\/media?parent=19856"}],"wp:term":[{"taxonomy":"product_cat","embeddable":true,"href":"https:\/\/ventspils.citro.lv\/ru\/wp-json\/wp\/v2\/product_cat?post=19856"},{"taxonomy":"product_tag","embeddable":true,"href":"https:\/\/ventspils.citro.lv\/ru\/wp-json\/wp\/v2\/product_tag?post=19856"}],"curies":[{"name":"wp","href":"https:\/\/api.w.org\/{rel}","templated":true}]}}