{"id":198559,"date":"2026-04-24T08:27:59","date_gmt":"2026-04-24T05:27:59","guid":{"rendered":"https:\/\/ventspils.citro.lv\/veikals\/desa-auksti-kupinata-baltu-sver\/"},"modified":"2026-04-24T08:28:08","modified_gmt":"2026-04-24T05:28:08","slug":"desa-auksti-kupinata-baltu-sver","status":"publish","type":"product","link":"https:\/\/ventspils.citro.lv\/ru\/veikals\/desa-auksti-kupinata-baltu-sver\/","title":{"rendered":"Desa auksti k\u016bpin\u0101ta Baltu sver."},"content":{"rendered":"<p>Sast\u0101vda\u013cas: c\u016bkga\u013ca, c\u016bkga\u013cas spe\u0137is, galda s\u0101ls, augu olbaltumvielu (satur SOJAS), hemoglob\u012bns, antioksid\u0113t\u0101js:E316, kr\u0101sviela: karm\u012bns, gar\u0161vielu ekstrakti, sk\u0101buma regul\u0113t\u0101js: E575, arom\u0101ta un gar\u0161as pastiprin\u0101t\u0101js: E621, aromatiz\u0113t\u0101ji, hidroliz\u0113tas augu olbaltumvielas, gar\u0161vielas: \u017e\u0101v\u0113ti d\u0101rze\u0146i (\u0137iploku), dekstroze, konservants E250. Apvalks nav \u0113dams. Ener\u0123\u0113tisk\u0101 un uzturv\u0113rt\u012bba 100g: 1889kJ\/456kcal, tauki 40,4g, tostarp pies\u0101tin\u0101t\u0101s tauksk\u0101bes 16g, og\u013chidr\u0101ti 0,4g, tostarp cukuri 0,2g, olbaltumvielas 22,8g, s\u0101ls 4,8g. Uzglab\u0101\u0161anas temperat\u016bra: 0&#8230;+6C.<\/p>\n","protected":false},"excerpt":{"rendered":"<p>&nbsp;<\/p>\n","protected":false},"featured_media":1252582,"template":"","meta":{"_acf_changed":false,"inline_featured_image":false},"product_cat":[135,178],"product_tag":[],"acf":[],"aioseo_notices":[],"_links":{"self":[{"href":"https:\/\/ventspils.citro.lv\/ru\/wp-json\/wp\/v2\/product\/198559"}],"collection":[{"href":"https:\/\/ventspils.citro.lv\/ru\/wp-json\/wp\/v2\/product"}],"about":[{"href":"https:\/\/ventspils.citro.lv\/ru\/wp-json\/wp\/v2\/types\/product"}],"wp:featuredmedia":[{"embeddable":true,"href":"https:\/\/ventspils.citro.lv\/ru\/wp-json\/wp\/v2\/media\/1252582"}],"wp:attachment":[{"href":"https:\/\/ventspils.citro.lv\/ru\/wp-json\/wp\/v2\/media?parent=198559"}],"wp:term":[{"taxonomy":"product_cat","embeddable":true,"href":"https:\/\/ventspils.citro.lv\/ru\/wp-json\/wp\/v2\/product_cat?post=198559"},{"taxonomy":"product_tag","embeddable":true,"href":"https:\/\/ventspils.citro.lv\/ru\/wp-json\/wp\/v2\/product_tag?post=198559"}],"curies":[{"name":"wp","href":"https:\/\/api.w.org\/{rel}","templated":true}]}}