{"id":198475,"date":"2026-05-12T06:30:03","date_gmt":"2026-05-12T03:30:03","guid":{"rendered":"https:\/\/ventspils.citro.lv\/veikals\/cepumi-petergailis-sokalade-160g\/"},"modified":"2026-05-12T06:30:09","modified_gmt":"2026-05-12T03:30:09","slug":"cepumi-sokolades-petergailis-160g","status":"publish","type":"product","link":"https:\/\/ventspils.citro.lv\/ru\/veikals\/cepumi-sokolades-petergailis-160g\/","title":{"rendered":"Cepumi \u0161okol\u0101des P\u0113tergailis 160g"},"content":{"rendered":"","protected":false},"excerpt":{"rendered":"<p>6.19 \u20ac\/kg<\/p>\n","protected":false},"featured_media":1259417,"template":"","meta":{"_acf_changed":false,"inline_featured_image":false},"product_cat":[125,139],"product_tag":[],"acf":[],"aioseo_notices":[],"_links":{"self":[{"href":"https:\/\/ventspils.citro.lv\/ru\/wp-json\/wp\/v2\/product\/198475"}],"collection":[{"href":"https:\/\/ventspils.citro.lv\/ru\/wp-json\/wp\/v2\/product"}],"about":[{"href":"https:\/\/ventspils.citro.lv\/ru\/wp-json\/wp\/v2\/types\/product"}],"wp:featuredmedia":[{"embeddable":true,"href":"https:\/\/ventspils.citro.lv\/ru\/wp-json\/wp\/v2\/media\/1259417"}],"wp:attachment":[{"href":"https:\/\/ventspils.citro.lv\/ru\/wp-json\/wp\/v2\/media?parent=198475"}],"wp:term":[{"taxonomy":"product_cat","embeddable":true,"href":"https:\/\/ventspils.citro.lv\/ru\/wp-json\/wp\/v2\/product_cat?post=198475"},{"taxonomy":"product_tag","embeddable":true,"href":"https:\/\/ventspils.citro.lv\/ru\/wp-json\/wp\/v2\/product_tag?post=198475"}],"curies":[{"name":"wp","href":"https:\/\/api.w.org\/{rel}","templated":true}]}}