{"id":198416,"date":"2026-04-23T08:30:23","date_gmt":"2026-04-23T05:30:23","guid":{"rendered":"https:\/\/ventspils.citro.lv\/veikals\/batonins-nestle-corn-flakes-bez-glutena-22g\/"},"modified":"2026-04-23T08:30:33","modified_gmt":"2026-04-23T05:30:33","slug":"batonins-nestle-corn-flakes-bez-glutena-22g","status":"publish","type":"product","link":"https:\/\/ventspils.citro.lv\/ru\/veikals\/batonins-nestle-corn-flakes-bez-glutena-22g\/","title":{"rendered":"Batoni\u0146\u0161 Nestle Corn Flakes bez glut\u0113na 22g"},"content":{"rendered":"","protected":false},"excerpt":{"rendered":"<p>20.45 \u20ac\/kg<\/p>\n","protected":false},"featured_media":1250355,"template":"","meta":{"_acf_changed":false,"inline_featured_image":false},"product_cat":[613,125],"product_tag":[],"acf":[],"aioseo_notices":[],"_links":{"self":[{"href":"https:\/\/ventspils.citro.lv\/ru\/wp-json\/wp\/v2\/product\/198416"}],"collection":[{"href":"https:\/\/ventspils.citro.lv\/ru\/wp-json\/wp\/v2\/product"}],"about":[{"href":"https:\/\/ventspils.citro.lv\/ru\/wp-json\/wp\/v2\/types\/product"}],"wp:featuredmedia":[{"embeddable":true,"href":"https:\/\/ventspils.citro.lv\/ru\/wp-json\/wp\/v2\/media\/1250355"}],"wp:attachment":[{"href":"https:\/\/ventspils.citro.lv\/ru\/wp-json\/wp\/v2\/media?parent=198416"}],"wp:term":[{"taxonomy":"product_cat","embeddable":true,"href":"https:\/\/ventspils.citro.lv\/ru\/wp-json\/wp\/v2\/product_cat?post=198416"},{"taxonomy":"product_tag","embeddable":true,"href":"https:\/\/ventspils.citro.lv\/ru\/wp-json\/wp\/v2\/product_tag?post=198416"}],"curies":[{"name":"wp","href":"https:\/\/api.w.org\/{rel}","templated":true}]}}