{"id":198252,"date":"2026-04-24T08:12:23","date_gmt":"2026-04-24T05:12:23","guid":{"rendered":"https:\/\/ventspils.citro.lv\/veikals\/kosmetikas-ota-18-5cm-1gb-vedeklveida\/"},"modified":"2026-04-24T08:12:28","modified_gmt":"2026-04-24T05:12:28","slug":"kosmetikas-ota-18-5cm-1gb-vedeklveida","status":"publish","type":"product","link":"https:\/\/ventspils.citro.lv\/ru\/veikals\/kosmetikas-ota-18-5cm-1gb-vedeklveida\/","title":{"rendered":"Kosm\u0113tikas ota 18.5cm 1gb v\u0113dek\u013cveida"},"content":{"rendered":"","protected":false},"excerpt":{"rendered":"<p>1.99 \u20ac\/gb<\/p>\n","protected":false},"featured_media":1252506,"template":"","meta":{"_acf_changed":false,"inline_featured_image":false},"product_cat":[238,131],"product_tag":[],"acf":[],"aioseo_notices":[],"_links":{"self":[{"href":"https:\/\/ventspils.citro.lv\/ru\/wp-json\/wp\/v2\/product\/198252"}],"collection":[{"href":"https:\/\/ventspils.citro.lv\/ru\/wp-json\/wp\/v2\/product"}],"about":[{"href":"https:\/\/ventspils.citro.lv\/ru\/wp-json\/wp\/v2\/types\/product"}],"wp:featuredmedia":[{"embeddable":true,"href":"https:\/\/ventspils.citro.lv\/ru\/wp-json\/wp\/v2\/media\/1252506"}],"wp:attachment":[{"href":"https:\/\/ventspils.citro.lv\/ru\/wp-json\/wp\/v2\/media?parent=198252"}],"wp:term":[{"taxonomy":"product_cat","embeddable":true,"href":"https:\/\/ventspils.citro.lv\/ru\/wp-json\/wp\/v2\/product_cat?post=198252"},{"taxonomy":"product_tag","embeddable":true,"href":"https:\/\/ventspils.citro.lv\/ru\/wp-json\/wp\/v2\/product_tag?post=198252"}],"curies":[{"name":"wp","href":"https:\/\/api.w.org\/{rel}","templated":true}]}}