{"id":198135,"date":"2026-03-27T08:27:02","date_gmt":"2026-03-27T06:27:02","guid":{"rendered":"https:\/\/ventspils.citro.lv\/veikals\/dzeriens-tymbark-abolu-arbuzu-2l\/"},"modified":"2026-04-15T13:16:46","modified_gmt":"2026-04-15T10:16:46","slug":"dzeriens-tymbark-abolu-arbuzu-2l","status":"publish","type":"product","link":"https:\/\/ventspils.citro.lv\/ru\/veikals\/dzeriens-tymbark-abolu-arbuzu-2l\/","title":{"rendered":"Dz\u0113riens Tymbark \u0101bolu-arb\u016bzu 2l"},"content":{"rendered":"","protected":false},"excerpt":{"rendered":"<p>1.43 \u20ac\/l<\/p>\n","protected":false},"featured_media":1236074,"template":"","meta":{"_acf_changed":false,"inline_featured_image":false},"product_cat":[106,124],"product_tag":[],"acf":[],"aioseo_notices":[],"_links":{"self":[{"href":"https:\/\/ventspils.citro.lv\/ru\/wp-json\/wp\/v2\/product\/198135"}],"collection":[{"href":"https:\/\/ventspils.citro.lv\/ru\/wp-json\/wp\/v2\/product"}],"about":[{"href":"https:\/\/ventspils.citro.lv\/ru\/wp-json\/wp\/v2\/types\/product"}],"wp:featuredmedia":[{"embeddable":true,"href":"https:\/\/ventspils.citro.lv\/ru\/wp-json\/wp\/v2\/media\/1236074"}],"wp:attachment":[{"href":"https:\/\/ventspils.citro.lv\/ru\/wp-json\/wp\/v2\/media?parent=198135"}],"wp:term":[{"taxonomy":"product_cat","embeddable":true,"href":"https:\/\/ventspils.citro.lv\/ru\/wp-json\/wp\/v2\/product_cat?post=198135"},{"taxonomy":"product_tag","embeddable":true,"href":"https:\/\/ventspils.citro.lv\/ru\/wp-json\/wp\/v2\/product_tag?post=198135"}],"curies":[{"name":"wp","href":"https:\/\/api.w.org\/{rel}","templated":true}]}}