{"id":197898,"date":"2026-05-05T00:57:02","date_gmt":"2026-05-04T21:57:02","guid":{"rendered":"https:\/\/ventspils.citro.lv\/veikals\/salati-mix-green-red-150g\/"},"modified":"2026-05-05T00:57:12","modified_gmt":"2026-05-04T21:57:12","slug":"salati-mix-green-red-150g-sk-lietuva","status":"publish","type":"product","link":"https:\/\/ventspils.citro.lv\/ru\/veikals\/salati-mix-green-red-150g-sk-lietuva\/","title":{"rendered":"Sal\u0101ti mix &#171;GREEN &#038; RED&#187; 150g .\u0161\u0137.Lietuva"},"content":{"rendered":"","protected":false},"excerpt":{"rendered":"<p>10.60 \u20ac\/kg<\/p>\n","protected":false},"featured_media":1255923,"template":"","meta":{"_acf_changed":false,"inline_featured_image":false},"product_cat":[97,99],"product_tag":[],"acf":[],"aioseo_notices":[],"_links":{"self":[{"href":"https:\/\/ventspils.citro.lv\/ru\/wp-json\/wp\/v2\/product\/197898"}],"collection":[{"href":"https:\/\/ventspils.citro.lv\/ru\/wp-json\/wp\/v2\/product"}],"about":[{"href":"https:\/\/ventspils.citro.lv\/ru\/wp-json\/wp\/v2\/types\/product"}],"wp:featuredmedia":[{"embeddable":true,"href":"https:\/\/ventspils.citro.lv\/ru\/wp-json\/wp\/v2\/media\/1255923"}],"wp:attachment":[{"href":"https:\/\/ventspils.citro.lv\/ru\/wp-json\/wp\/v2\/media?parent=197898"}],"wp:term":[{"taxonomy":"product_cat","embeddable":true,"href":"https:\/\/ventspils.citro.lv\/ru\/wp-json\/wp\/v2\/product_cat?post=197898"},{"taxonomy":"product_tag","embeddable":true,"href":"https:\/\/ventspils.citro.lv\/ru\/wp-json\/wp\/v2\/product_tag?post=197898"}],"curies":[{"name":"wp","href":"https:\/\/api.w.org\/{rel}","templated":true}]}}