{"id":197574,"date":"2026-04-06T01:12:03","date_gmt":"2026-04-05T22:12:03","guid":{"rendered":"https:\/\/ventspils.citro.lv\/veikals\/salati-mix-fitness-120g-2-sk\/"},"modified":"2026-04-06T01:12:13","modified_gmt":"2026-04-05T22:12:13","slug":"salati-active-120g-2-sk-lietuva","status":"publish","type":"product","link":"https:\/\/ventspils.citro.lv\/ru\/veikals\/salati-active-120g-2-sk-lietuva\/","title":{"rendered":"Sal\u0101ti Active 120g 2.\u0161\u0137.Lietuva"},"content":{"rendered":"","protected":false},"excerpt":{"rendered":"<p>13.25 \u20ac\/kg<\/p>\n","protected":false},"featured_media":1239905,"template":"","meta":{"_acf_changed":false,"inline_featured_image":false},"product_cat":[97,99],"product_tag":[],"acf":[],"aioseo_notices":[],"_links":{"self":[{"href":"https:\/\/ventspils.citro.lv\/ru\/wp-json\/wp\/v2\/product\/197574"}],"collection":[{"href":"https:\/\/ventspils.citro.lv\/ru\/wp-json\/wp\/v2\/product"}],"about":[{"href":"https:\/\/ventspils.citro.lv\/ru\/wp-json\/wp\/v2\/types\/product"}],"wp:featuredmedia":[{"embeddable":true,"href":"https:\/\/ventspils.citro.lv\/ru\/wp-json\/wp\/v2\/media\/1239905"}],"wp:attachment":[{"href":"https:\/\/ventspils.citro.lv\/ru\/wp-json\/wp\/v2\/media?parent=197574"}],"wp:term":[{"taxonomy":"product_cat","embeddable":true,"href":"https:\/\/ventspils.citro.lv\/ru\/wp-json\/wp\/v2\/product_cat?post=197574"},{"taxonomy":"product_tag","embeddable":true,"href":"https:\/\/ventspils.citro.lv\/ru\/wp-json\/wp\/v2\/product_tag?post=197574"}],"curies":[{"name":"wp","href":"https:\/\/api.w.org\/{rel}","templated":true}]}}