{"id":196968,"date":"2026-04-10T05:06:49","date_gmt":"2026-04-10T02:06:49","guid":{"rendered":"https:\/\/ventspils.citro.lv\/veikals\/merce-rundale-ceptu-kiploku-400g\/"},"modified":"2026-04-10T05:06:58","modified_gmt":"2026-04-10T02:06:58","slug":"merce-rundale-ceptu-kiploku-400g","status":"publish","type":"product","link":"https:\/\/ventspils.citro.lv\/ru\/veikals\/merce-rundale-ceptu-kiploku-400g\/","title":{"rendered":"M\u0113rce Rund\u0101le ceptu \u0137iploku 400g"},"content":{"rendered":"","protected":false},"excerpt":{"rendered":"<p>4.13 \u20ac\/kg<\/p>\n","protected":false},"featured_media":1243013,"template":"","meta":{"_acf_changed":false,"inline_featured_image":false},"product_cat":[116,208],"product_tag":[],"acf":[],"aioseo_notices":[],"_links":{"self":[{"href":"https:\/\/ventspils.citro.lv\/ru\/wp-json\/wp\/v2\/product\/196968"}],"collection":[{"href":"https:\/\/ventspils.citro.lv\/ru\/wp-json\/wp\/v2\/product"}],"about":[{"href":"https:\/\/ventspils.citro.lv\/ru\/wp-json\/wp\/v2\/types\/product"}],"wp:featuredmedia":[{"embeddable":true,"href":"https:\/\/ventspils.citro.lv\/ru\/wp-json\/wp\/v2\/media\/1243013"}],"wp:attachment":[{"href":"https:\/\/ventspils.citro.lv\/ru\/wp-json\/wp\/v2\/media?parent=196968"}],"wp:term":[{"taxonomy":"product_cat","embeddable":true,"href":"https:\/\/ventspils.citro.lv\/ru\/wp-json\/wp\/v2\/product_cat?post=196968"},{"taxonomy":"product_tag","embeddable":true,"href":"https:\/\/ventspils.citro.lv\/ru\/wp-json\/wp\/v2\/product_tag?post=196968"}],"curies":[{"name":"wp","href":"https:\/\/api.w.org\/{rel}","templated":true}]}}