{"id":196664,"date":"2026-04-24T05:05:01","date_gmt":"2026-04-24T02:05:01","guid":{"rendered":"https:\/\/ventspils.citro.lv\/veikals\/doktordesa-varita-premium-ar-speki\/"},"modified":"2026-04-24T05:05:12","modified_gmt":"2026-04-24T02:05:12","slug":"doktordesa-varita-premium-ar-speki","status":"publish","type":"product","link":"https:\/\/ventspils.citro.lv\/ru\/veikals\/doktordesa-varita-premium-ar-speki\/","title":{"rendered":"Doktordesa v\u0101r\u012bta Premium ar spe\u0137i"},"content":{"rendered":"<p>Sast\u0101vda\u013cas: c\u016bkga\u013ca, \u016bdens, meh\u0101niski atdal\u012bta vistas ga\u013ca, c\u016bkga\u013cas spe\u0137is 25%, c\u016bkas \u0101da, s\u0101ls, PIENA PULVERIS 1%, arom\u0101ta un gar\u0161as pastiprin\u0101t\u0101js E621, dekstroze, stabilizatori E451, E450, E407, antioksidants E316, s\u016bkalu pulveris (satur PIENU), maltodekstr\u012bns, gar\u0161vielas aromatiz\u0113t\u0101ji, lip\u012bguma regulators E551, c\u016bkga\u013cas prote\u012bns, biezin\u0101t\u0101js E425, karm\u012bna kr\u0101sviela, konservanti E250, E267. Desas apvalks nav \u0113dams. Ener\u0123\u0113tisk\u0101 un uzturv\u0113rt\u012bba 100g: 820kJ\/196kcal, tauki 16,7g, tostarp pies\u0101tin\u0101t\u0101s tauksk\u0101bes 6,4g, og\u013chidr\u0101ti 1g, tostarp cukuri 0,9g, olbaltumvielas 10,4g, s\u0101ls 2,3g. P\u0113c iepakojuma atv\u0113r\u0161anas izlietot 48 stundu laik\u0101. Izcelsmes valsts ES. Uzglab\u0101\u0161anas nosac\u012bjumi: 0.. 6C.<\/p>\n","protected":false},"excerpt":{"rendered":"<p>5.29 \u20ac\/kg<\/p>\n","protected":false},"featured_media":1251669,"template":"","meta":{"_acf_changed":false,"inline_featured_image":false},"product_cat":[135,144],"product_tag":[],"acf":[],"aioseo_notices":[],"_links":{"self":[{"href":"https:\/\/ventspils.citro.lv\/ru\/wp-json\/wp\/v2\/product\/196664"}],"collection":[{"href":"https:\/\/ventspils.citro.lv\/ru\/wp-json\/wp\/v2\/product"}],"about":[{"href":"https:\/\/ventspils.citro.lv\/ru\/wp-json\/wp\/v2\/types\/product"}],"wp:featuredmedia":[{"embeddable":true,"href":"https:\/\/ventspils.citro.lv\/ru\/wp-json\/wp\/v2\/media\/1251669"}],"wp:attachment":[{"href":"https:\/\/ventspils.citro.lv\/ru\/wp-json\/wp\/v2\/media?parent=196664"}],"wp:term":[{"taxonomy":"product_cat","embeddable":true,"href":"https:\/\/ventspils.citro.lv\/ru\/wp-json\/wp\/v2\/product_cat?post=196664"},{"taxonomy":"product_tag","embeddable":true,"href":"https:\/\/ventspils.citro.lv\/ru\/wp-json\/wp\/v2\/product_tag?post=196664"}],"curies":[{"name":"wp","href":"https:\/\/api.w.org\/{rel}","templated":true}]}}