{"id":196603,"date":"2026-04-28T02:12:25","date_gmt":"2026-04-27T23:12:25","guid":{"rendered":"https:\/\/ventspils.citro.lv\/veikals\/konfektes-karamele-sweet-drop\/"},"modified":"2026-05-09T09:28:52","modified_gmt":"2026-05-09T06:28:52","slug":"konfektes-karamele-sweet-drop","status":"publish","type":"product","link":"https:\/\/ventspils.citro.lv\/ru\/veikals\/konfektes-karamele-sweet-drop\/","title":{"rendered":"Konfektes karamele Sweet Drop"},"content":{"rendered":"<p>Sast\u0101vs:  Glikozes s\u012brups, cukurs, iebiezin\u0101ts piena produkts \u201c Mols\u201d (attaukotais piens, cukurs, saus\u0101s s\u016bkalas, augu e\u013c\u013cas un tauki, laktoze) (23,7%), piena pild\u012bjums 22% (glikozes s\u012brups, iebiezin\u0101ts piena produkts \u201cMols\u201d (ttaukotais piens, cukurs, saus\u0101s s\u016bkalas, augu e\u013c\u013cas un tauki, laktoze) (8,2%), cukurs, piena tauki, (0,4%), mitruma uzturo\u0161ais a\u0123ents (sorb\u012bts), emulgants (sojas lecit\u012bns), p\u0101rtikas s\u0101ls, aromatizators (saldais kr\u0113jums, vani\u013ca)), piena tauki, p\u0101rtikas s\u0101ls, emulgants (sojas lecit\u012bns). Fas\u0113ts:A\/S Di\u0101na, Durbes iela 38\/40,Ventspils<\/p>\n","protected":false},"excerpt":{"rendered":"<p>5.99 \u20ac\/kg<\/p>\n","protected":false},"featured_media":1254000,"template":"","meta":{"_acf_changed":false,"inline_featured_image":false},"product_cat":[533,125],"product_tag":[],"acf":[],"aioseo_notices":[],"_links":{"self":[{"href":"https:\/\/ventspils.citro.lv\/ru\/wp-json\/wp\/v2\/product\/196603"}],"collection":[{"href":"https:\/\/ventspils.citro.lv\/ru\/wp-json\/wp\/v2\/product"}],"about":[{"href":"https:\/\/ventspils.citro.lv\/ru\/wp-json\/wp\/v2\/types\/product"}],"wp:featuredmedia":[{"embeddable":true,"href":"https:\/\/ventspils.citro.lv\/ru\/wp-json\/wp\/v2\/media\/1254000"}],"wp:attachment":[{"href":"https:\/\/ventspils.citro.lv\/ru\/wp-json\/wp\/v2\/media?parent=196603"}],"wp:term":[{"taxonomy":"product_cat","embeddable":true,"href":"https:\/\/ventspils.citro.lv\/ru\/wp-json\/wp\/v2\/product_cat?post=196603"},{"taxonomy":"product_tag","embeddable":true,"href":"https:\/\/ventspils.citro.lv\/ru\/wp-json\/wp\/v2\/product_tag?post=196603"}],"curies":[{"name":"wp","href":"https:\/\/api.w.org\/{rel}","templated":true}]}}