{"id":196186,"date":"2026-03-27T03:48:14","date_gmt":"2026-03-27T01:48:14","guid":{"rendered":"https:\/\/ventspils.citro.lv\/veikals\/konfektes-karamele-piparmetru\/"},"modified":"2026-03-27T03:48:21","modified_gmt":"2026-03-27T01:48:21","slug":"konfektes-karamele-piparmetru","status":"publish","type":"product","link":"https:\/\/ventspils.citro.lv\/ru\/veikals\/konfektes-karamele-piparmetru\/","title":{"rendered":"Konfektes karamele Piparm\u0113tru"},"content":{"rendered":"<p>Sast\u0101vda\u013cas: glikozes s\u012brups, cukurs, piparm\u0113tru e\u013c\u013ca 0.06%, kr\u0101sviela hlorofil\u012bnu vara kompleksi. 100g produkta satur: ener\u0123\u0113tisk\u0101 v\u0113rt\u012bba &#8212;  1615kJ\/ 380 kcal, tauki \u2013 0 g, tostarp pies\u0101tin\u0101t\u0101s tauksk\u0101bes \u20130 g, og\u013chidr\u0101ti &#8212; 95 g, tostarp cukuri &#8212; 61  g, olbaltumvielas &#8212;  0 g, s\u0101ls &#8212; 0,01g. Uzglab\u0101t saus\u0101 un v\u0113s\u0101 viet\u0101 (18\u00b13)\u00b0C.<\/p>\n","protected":false},"excerpt":{"rendered":"<p>5.39 \u20ac\/kg<\/p>\n","protected":false},"featured_media":1235004,"template":"","meta":{"_acf_changed":false,"inline_featured_image":false},"product_cat":[533,125],"product_tag":[],"acf":[],"aioseo_notices":[],"_links":{"self":[{"href":"https:\/\/ventspils.citro.lv\/ru\/wp-json\/wp\/v2\/product\/196186"}],"collection":[{"href":"https:\/\/ventspils.citro.lv\/ru\/wp-json\/wp\/v2\/product"}],"about":[{"href":"https:\/\/ventspils.citro.lv\/ru\/wp-json\/wp\/v2\/types\/product"}],"wp:featuredmedia":[{"embeddable":true,"href":"https:\/\/ventspils.citro.lv\/ru\/wp-json\/wp\/v2\/media\/1235004"}],"wp:attachment":[{"href":"https:\/\/ventspils.citro.lv\/ru\/wp-json\/wp\/v2\/media?parent=196186"}],"wp:term":[{"taxonomy":"product_cat","embeddable":true,"href":"https:\/\/ventspils.citro.lv\/ru\/wp-json\/wp\/v2\/product_cat?post=196186"},{"taxonomy":"product_tag","embeddable":true,"href":"https:\/\/ventspils.citro.lv\/ru\/wp-json\/wp\/v2\/product_tag?post=196186"}],"curies":[{"name":"wp","href":"https:\/\/api.w.org\/{rel}","templated":true}]}}