{"id":19518,"date":"2026-04-24T07:39:49","date_gmt":"2026-04-24T04:39:49","guid":{"rendered":"https:\/\/ventspils.citro.lv\/veikals\/desa-doktora-ekstra-skeles-dubultpaka-380g\/"},"modified":"2026-04-29T12:43:45","modified_gmt":"2026-04-29T09:43:45","slug":"desa-doktora-ekstra-skeles-dubultpaka-380g","status":"publish","type":"product","link":"https:\/\/ventspils.citro.lv\/ru\/veikals\/desa-doktora-ekstra-skeles-dubultpaka-380g\/","title":{"rendered":"Desa Doktora Ekstra \u0161\u0137\u0113l\u0113s dubultpaka 380g"},"content":{"rendered":"","protected":false},"excerpt":{"rendered":"<p>7.87 \u20ac\/kg<\/p>\n","protected":false},"featured_media":1252353,"template":"","meta":{"_acf_changed":false,"inline_featured_image":false},"product_cat":[135,144],"product_tag":[],"acf":[],"aioseo_notices":[],"_links":{"self":[{"href":"https:\/\/ventspils.citro.lv\/ru\/wp-json\/wp\/v2\/product\/19518"}],"collection":[{"href":"https:\/\/ventspils.citro.lv\/ru\/wp-json\/wp\/v2\/product"}],"about":[{"href":"https:\/\/ventspils.citro.lv\/ru\/wp-json\/wp\/v2\/types\/product"}],"wp:featuredmedia":[{"embeddable":true,"href":"https:\/\/ventspils.citro.lv\/ru\/wp-json\/wp\/v2\/media\/1252353"}],"wp:attachment":[{"href":"https:\/\/ventspils.citro.lv\/ru\/wp-json\/wp\/v2\/media?parent=19518"}],"wp:term":[{"taxonomy":"product_cat","embeddable":true,"href":"https:\/\/ventspils.citro.lv\/ru\/wp-json\/wp\/v2\/product_cat?post=19518"},{"taxonomy":"product_tag","embeddable":true,"href":"https:\/\/ventspils.citro.lv\/ru\/wp-json\/wp\/v2\/product_tag?post=19518"}],"curies":[{"name":"wp","href":"https:\/\/api.w.org\/{rel}","templated":true}]}}