{"id":193968,"date":"2025-05-09T01:36:24","date_gmt":"2025-05-08T22:36:24","guid":{"rendered":"https:\/\/ventspils.citro.lv\/veikals\/placenisi-aknu-citro-sv\/"},"modified":"2026-03-12T13:21:50","modified_gmt":"2026-03-12T11:21:50","slug":"placenisi-aknu-citro-sv","status":"publish","type":"product","link":"https:\/\/ventspils.citro.lv\/ru\/veikals\/placenisi-aknu-citro-sv\/","title":{"rendered":"Pl\u0101cen\u012b\u0161i aknu Citro sv."},"content":{"rendered":"<p>Sast\u0101vda\u013cas: L\/l akna, spe\u0137is, KR\u0112JUMS, OLAS, KVIE\u0160U milti, m. pipari, univers\u0101l\u0101  gar\u0161viela ((s\u0101ls (63,2%), kalt\u0113ti d\u0101rze\u0146i (16,26%): burk\u0101ni, pastinaks, p\u0113ters\u012b\u013ci, s\u012bpoli, dilles, SELERIJA, tom\u0101ts, \u0137iploki, paprika:  cukurs, gar\u0161as pastiprin\u0101t\u0101js: monon\u0101trija glutam\u0101ts; kurkuma, melni pipari, augu prote\u012bna hidroliz\u0101ts, rap\u0161u e\u013c\u013ca,  kr\u0101sviela: riboflav\u012bns), augu e\u013c\u013ca. 100 g produkta  satur:  ener\u0123\u0113tisk\u0101 v\u0113rt\u012bba : 1415KJ\/339kcal,  tauki 24 g, tostarp pies\u0101tin\u0101t\u0101s tauksk\u0101bes  4,9 g, og\u013chidr\u0101ti 3,8 g, tostarp cukurs 0,4 g, \u0161\u0137iedrvielas 0,3 g, olbaltumvielas 27,5 g, s\u0101ls 0,7 g. Uzglab\u0101\u0161anas temperat\u016bra : +2\u2026+6 C. Izlietot l\u012bdz: nor\u0101d\u012bts uz iepakojuma. Ra\u017eot\u0101js: SIA Di\u0101na Bistro, Andreja iela 5, Ventspils.<\/p>\n","protected":false},"excerpt":{"rendered":"<p>6.75 \u20ac\/kg<\/p>\n","protected":false},"featured_media":1047227,"template":"","meta":{"_acf_changed":false,"inline_featured_image":false},"product_cat":[113,114],"product_tag":[],"acf":[],"aioseo_notices":[],"_links":{"self":[{"href":"https:\/\/ventspils.citro.lv\/ru\/wp-json\/wp\/v2\/product\/193968"}],"collection":[{"href":"https:\/\/ventspils.citro.lv\/ru\/wp-json\/wp\/v2\/product"}],"about":[{"href":"https:\/\/ventspils.citro.lv\/ru\/wp-json\/wp\/v2\/types\/product"}],"wp:featuredmedia":[{"embeddable":true,"href":"https:\/\/ventspils.citro.lv\/ru\/wp-json\/wp\/v2\/media\/1047227"}],"wp:attachment":[{"href":"https:\/\/ventspils.citro.lv\/ru\/wp-json\/wp\/v2\/media?parent=193968"}],"wp:term":[{"taxonomy":"product_cat","embeddable":true,"href":"https:\/\/ventspils.citro.lv\/ru\/wp-json\/wp\/v2\/product_cat?post=193968"},{"taxonomy":"product_tag","embeddable":true,"href":"https:\/\/ventspils.citro.lv\/ru\/wp-json\/wp\/v2\/product_tag?post=193968"}],"curies":[{"name":"wp","href":"https:\/\/api.w.org\/{rel}","templated":true}]}}