{"id":193700,"date":"2025-10-25T01:15:36","date_gmt":"2025-10-24T22:15:36","guid":{"rendered":"https:\/\/ventspils.citro.lv\/veikals\/suklis-masazas-sensitive12\/"},"modified":"2025-10-25T01:15:42","modified_gmt":"2025-10-24T22:15:42","slug":"suklis-masazas-sensitive12","status":"publish","type":"product","link":"https:\/\/ventspils.citro.lv\/ru\/veikals\/suklis-masazas-sensitive12\/","title":{"rendered":"S\u016bklis mas\u0101\u017eas Sensitive(12)"},"content":{"rendered":"","protected":false},"excerpt":{"rendered":"<p>2.69 \u20ac\/gb<\/p>\n","protected":false},"featured_media":1147043,"template":"","meta":{"_acf_changed":false,"inline_featured_image":false},"product_cat":[601,127],"product_tag":[],"acf":[],"aioseo_notices":[],"_links":{"self":[{"href":"https:\/\/ventspils.citro.lv\/ru\/wp-json\/wp\/v2\/product\/193700"}],"collection":[{"href":"https:\/\/ventspils.citro.lv\/ru\/wp-json\/wp\/v2\/product"}],"about":[{"href":"https:\/\/ventspils.citro.lv\/ru\/wp-json\/wp\/v2\/types\/product"}],"wp:featuredmedia":[{"embeddable":true,"href":"https:\/\/ventspils.citro.lv\/ru\/wp-json\/wp\/v2\/media\/1147043"}],"wp:attachment":[{"href":"https:\/\/ventspils.citro.lv\/ru\/wp-json\/wp\/v2\/media?parent=193700"}],"wp:term":[{"taxonomy":"product_cat","embeddable":true,"href":"https:\/\/ventspils.citro.lv\/ru\/wp-json\/wp\/v2\/product_cat?post=193700"},{"taxonomy":"product_tag","embeddable":true,"href":"https:\/\/ventspils.citro.lv\/ru\/wp-json\/wp\/v2\/product_tag?post=193700"}],"curies":[{"name":"wp","href":"https:\/\/api.w.org\/{rel}","templated":true}]}}