{"id":193244,"date":"2025-09-25T05:18:50","date_gmt":"2025-09-25T02:18:50","guid":{"rendered":"https:\/\/ventspils.citro.lv\/veikals\/krems-rokam-bellejardin-klingerisu-125ml\/"},"modified":"2025-09-25T05:18:55","modified_gmt":"2025-09-25T02:18:55","slug":"krems-rokam-bellejardin-klingerisu-125ml","status":"publish","type":"product","link":"https:\/\/ventspils.citro.lv\/ru\/veikals\/krems-rokam-bellejardin-klingerisu-125ml\/","title":{"rendered":"Kr\u0113ms rok\u0101m BelleJardin kli\u0146\u0123er\u012b\u0161u 125ml"},"content":{"rendered":"","protected":false},"excerpt":{"rendered":"<p>11.92 \u20ac\/l<\/p>\n","protected":false},"featured_media":1130151,"template":"","meta":{"_acf_changed":false,"inline_featured_image":false},"product_cat":[601,127],"product_tag":[],"acf":[],"aioseo_notices":[],"_links":{"self":[{"href":"https:\/\/ventspils.citro.lv\/ru\/wp-json\/wp\/v2\/product\/193244"}],"collection":[{"href":"https:\/\/ventspils.citro.lv\/ru\/wp-json\/wp\/v2\/product"}],"about":[{"href":"https:\/\/ventspils.citro.lv\/ru\/wp-json\/wp\/v2\/types\/product"}],"wp:featuredmedia":[{"embeddable":true,"href":"https:\/\/ventspils.citro.lv\/ru\/wp-json\/wp\/v2\/media\/1130151"}],"wp:attachment":[{"href":"https:\/\/ventspils.citro.lv\/ru\/wp-json\/wp\/v2\/media?parent=193244"}],"wp:term":[{"taxonomy":"product_cat","embeddable":true,"href":"https:\/\/ventspils.citro.lv\/ru\/wp-json\/wp\/v2\/product_cat?post=193244"},{"taxonomy":"product_tag","embeddable":true,"href":"https:\/\/ventspils.citro.lv\/ru\/wp-json\/wp\/v2\/product_tag?post=193244"}],"curies":[{"name":"wp","href":"https:\/\/api.w.org\/{rel}","templated":true}]}}