{"id":193200,"date":"2026-04-08T03:09:34","date_gmt":"2026-04-08T00:09:34","guid":{"rendered":"https:\/\/ventspils.citro.lv\/veikals\/krems-rokam-bio-smiltserkskis-45ml\/"},"modified":"2026-04-08T03:09:43","modified_gmt":"2026-04-08T00:09:43","slug":"krems-rokam-bio-smiltserkskis-45ml","status":"publish","type":"product","link":"https:\/\/ventspils.citro.lv\/ru\/veikals\/krems-rokam-bio-smiltserkskis-45ml\/","title":{"rendered":"Kr\u0113ms rok\u0101m Bio smilts\u0113rk\u0161\u0137is 45ml"},"content":{"rendered":"","protected":false},"excerpt":{"rendered":"<p>19.78 \u20ac\/l<\/p>\n","protected":false},"featured_media":1240504,"template":"","meta":{"_acf_changed":false,"inline_featured_image":false},"product_cat":[601,127],"product_tag":[],"acf":[],"aioseo_notices":[],"_links":{"self":[{"href":"https:\/\/ventspils.citro.lv\/ru\/wp-json\/wp\/v2\/product\/193200"}],"collection":[{"href":"https:\/\/ventspils.citro.lv\/ru\/wp-json\/wp\/v2\/product"}],"about":[{"href":"https:\/\/ventspils.citro.lv\/ru\/wp-json\/wp\/v2\/types\/product"}],"wp:featuredmedia":[{"embeddable":true,"href":"https:\/\/ventspils.citro.lv\/ru\/wp-json\/wp\/v2\/media\/1240504"}],"wp:attachment":[{"href":"https:\/\/ventspils.citro.lv\/ru\/wp-json\/wp\/v2\/media?parent=193200"}],"wp:term":[{"taxonomy":"product_cat","embeddable":true,"href":"https:\/\/ventspils.citro.lv\/ru\/wp-json\/wp\/v2\/product_cat?post=193200"},{"taxonomy":"product_tag","embeddable":true,"href":"https:\/\/ventspils.citro.lv\/ru\/wp-json\/wp\/v2\/product_tag?post=193200"}],"curies":[{"name":"wp","href":"https:\/\/api.w.org\/{rel}","templated":true}]}}