{"id":193130,"date":"2025-09-24T01:36:16","date_gmt":"2025-09-23T22:36:16","guid":{"rendered":"https:\/\/ventspils.citro.lv\/veikals\/gels-pec-skus-bj-skin-care-200ml\/"},"modified":"2025-09-24T01:36:21","modified_gmt":"2025-09-23T22:36:21","slug":"gels-pec-skus-bj-skin-care-200ml","status":"publish","type":"product","link":"https:\/\/ventspils.citro.lv\/ru\/veikals\/gels-pec-skus-bj-skin-care-200ml\/","title":{"rendered":"G\u0113ls p\u0113c sk\u016b\u0161. BJ Skin Care 200ml"},"content":{"rendered":"","protected":false},"excerpt":{"rendered":"<p>8.95 \u20ac\/l<\/p>\n","protected":false},"featured_media":1129255,"template":"","meta":{"_acf_changed":false,"inline_featured_image":false},"product_cat":[127,170],"product_tag":[],"acf":[],"aioseo_notices":[],"_links":{"self":[{"href":"https:\/\/ventspils.citro.lv\/ru\/wp-json\/wp\/v2\/product\/193130"}],"collection":[{"href":"https:\/\/ventspils.citro.lv\/ru\/wp-json\/wp\/v2\/product"}],"about":[{"href":"https:\/\/ventspils.citro.lv\/ru\/wp-json\/wp\/v2\/types\/product"}],"wp:featuredmedia":[{"embeddable":true,"href":"https:\/\/ventspils.citro.lv\/ru\/wp-json\/wp\/v2\/media\/1129255"}],"wp:attachment":[{"href":"https:\/\/ventspils.citro.lv\/ru\/wp-json\/wp\/v2\/media?parent=193130"}],"wp:term":[{"taxonomy":"product_cat","embeddable":true,"href":"https:\/\/ventspils.citro.lv\/ru\/wp-json\/wp\/v2\/product_cat?post=193130"},{"taxonomy":"product_tag","embeddable":true,"href":"https:\/\/ventspils.citro.lv\/ru\/wp-json\/wp\/v2\/product_tag?post=193130"}],"curies":[{"name":"wp","href":"https:\/\/api.w.org\/{rel}","templated":true}]}}