{"id":193120,"date":"2025-09-24T01:33:43","date_gmt":"2025-09-23T22:33:43","guid":{"rendered":"https:\/\/ventspils.citro.lv\/veikals\/balzams-pec-skusanas-elegance-200ml\/"},"modified":"2025-09-24T01:33:56","modified_gmt":"2025-09-23T22:33:56","slug":"balzams-pec-skusanas-elegance-200ml","status":"publish","type":"product","link":"https:\/\/ventspils.citro.lv\/ru\/veikals\/balzams-pec-skusanas-elegance-200ml\/","title":{"rendered":"Balzams p\u0113c sk\u016b\u0161an\u0101s Elegance 200ml"},"content":{"rendered":"","protected":false},"excerpt":{"rendered":"<p>9.95 \u20ac\/l<\/p>\n","protected":false},"featured_media":1129249,"template":"","meta":{"_acf_changed":false,"inline_featured_image":false},"product_cat":[127,170],"product_tag":[],"acf":[],"aioseo_notices":[],"_links":{"self":[{"href":"https:\/\/ventspils.citro.lv\/ru\/wp-json\/wp\/v2\/product\/193120"}],"collection":[{"href":"https:\/\/ventspils.citro.lv\/ru\/wp-json\/wp\/v2\/product"}],"about":[{"href":"https:\/\/ventspils.citro.lv\/ru\/wp-json\/wp\/v2\/types\/product"}],"wp:featuredmedia":[{"embeddable":true,"href":"https:\/\/ventspils.citro.lv\/ru\/wp-json\/wp\/v2\/media\/1129249"}],"wp:attachment":[{"href":"https:\/\/ventspils.citro.lv\/ru\/wp-json\/wp\/v2\/media?parent=193120"}],"wp:term":[{"taxonomy":"product_cat","embeddable":true,"href":"https:\/\/ventspils.citro.lv\/ru\/wp-json\/wp\/v2\/product_cat?post=193120"},{"taxonomy":"product_tag","embeddable":true,"href":"https:\/\/ventspils.citro.lv\/ru\/wp-json\/wp\/v2\/product_tag?post=193120"}],"curies":[{"name":"wp","href":"https:\/\/api.w.org\/{rel}","templated":true}]}}