{"id":193116,"date":"2025-09-24T01:33:43","date_gmt":"2025-09-23T22:33:43","guid":{"rendered":"https:\/\/ventspils.citro.lv\/veikals\/gels-nogurusam-kajam-belle-jardin-125ml\/"},"modified":"2025-09-24T01:33:50","modified_gmt":"2025-09-23T22:33:50","slug":"gels-nogurusam-kajam-belle-jardin-125ml","status":"publish","type":"product","link":"https:\/\/ventspils.citro.lv\/ru\/veikals\/gels-nogurusam-kajam-belle-jardin-125ml\/","title":{"rendered":"G\u0113ls noguru\u0161\u0101m k\u0101j\u0101m Belle jardin 125ml"},"content":{"rendered":"","protected":false},"excerpt":{"rendered":"<p>13.52 \u20ac\/l<\/p>\n","protected":false},"featured_media":1129248,"template":"","meta":{"_acf_changed":false,"inline_featured_image":false},"product_cat":[601,127],"product_tag":[],"acf":[],"aioseo_notices":[],"_links":{"self":[{"href":"https:\/\/ventspils.citro.lv\/ru\/wp-json\/wp\/v2\/product\/193116"}],"collection":[{"href":"https:\/\/ventspils.citro.lv\/ru\/wp-json\/wp\/v2\/product"}],"about":[{"href":"https:\/\/ventspils.citro.lv\/ru\/wp-json\/wp\/v2\/types\/product"}],"wp:featuredmedia":[{"embeddable":true,"href":"https:\/\/ventspils.citro.lv\/ru\/wp-json\/wp\/v2\/media\/1129248"}],"wp:attachment":[{"href":"https:\/\/ventspils.citro.lv\/ru\/wp-json\/wp\/v2\/media?parent=193116"}],"wp:term":[{"taxonomy":"product_cat","embeddable":true,"href":"https:\/\/ventspils.citro.lv\/ru\/wp-json\/wp\/v2\/product_cat?post=193116"},{"taxonomy":"product_tag","embeddable":true,"href":"https:\/\/ventspils.citro.lv\/ru\/wp-json\/wp\/v2\/product_tag?post=193116"}],"curies":[{"name":"wp","href":"https:\/\/api.w.org\/{rel}","templated":true}]}}