{"id":193013,"date":"2026-02-13T04:03:36","date_gmt":"2026-02-13T02:03:36","guid":{"rendered":"https:\/\/ventspils.citro.lv\/veikals\/skusanas-aparats-fusion-ar-2-kasetem\/"},"modified":"2026-02-13T04:03:41","modified_gmt":"2026-02-13T02:03:41","slug":"skusanas-aparats-fusion-ar-2-kasetem","status":"publish","type":"product","link":"https:\/\/ventspils.citro.lv\/ru\/veikals\/skusanas-aparats-fusion-ar-2-kasetem\/","title":{"rendered":"Sk\u016b\u0161an\u0101s apar\u0101ts Fusion ar 2 kaset\u0113m"},"content":{"rendered":"","protected":false},"excerpt":{"rendered":"<p>13.99 \u20ac\/gb<\/p>\n","protected":false},"featured_media":1208013,"template":"","meta":{"_acf_changed":false,"inline_featured_image":false},"product_cat":[127,170],"product_tag":[],"acf":[],"aioseo_notices":[],"_links":{"self":[{"href":"https:\/\/ventspils.citro.lv\/ru\/wp-json\/wp\/v2\/product\/193013"}],"collection":[{"href":"https:\/\/ventspils.citro.lv\/ru\/wp-json\/wp\/v2\/product"}],"about":[{"href":"https:\/\/ventspils.citro.lv\/ru\/wp-json\/wp\/v2\/types\/product"}],"wp:featuredmedia":[{"embeddable":true,"href":"https:\/\/ventspils.citro.lv\/ru\/wp-json\/wp\/v2\/media\/1208013"}],"wp:attachment":[{"href":"https:\/\/ventspils.citro.lv\/ru\/wp-json\/wp\/v2\/media?parent=193013"}],"wp:term":[{"taxonomy":"product_cat","embeddable":true,"href":"https:\/\/ventspils.citro.lv\/ru\/wp-json\/wp\/v2\/product_cat?post=193013"},{"taxonomy":"product_tag","embeddable":true,"href":"https:\/\/ventspils.citro.lv\/ru\/wp-json\/wp\/v2\/product_tag?post=193013"}],"curies":[{"name":"wp","href":"https:\/\/api.w.org\/{rel}","templated":true}]}}