{"id":192738,"date":"2026-04-30T02:31:01","date_gmt":"2026-04-29T23:31:01","guid":{"rendered":"https:\/\/ventspils.citro.lv\/veikals\/salati-ar-surimi-nuj-risiem-un-darzeniem-vici\/"},"modified":"2026-04-30T02:31:06","modified_gmt":"2026-04-29T23:31:06","slug":"salati-ar-surimi-nuj-risiem-un-darzeniem-vici","status":"publish","type":"product","link":"https:\/\/ventspils.citro.lv\/ru\/veikals\/salati-ar-surimi-nuj-risiem-un-darzeniem-vici\/","title":{"rendered":"Sal\u0101ti ar surimi n\u016bj.r\u012bsiem un d\u0101rze\u0146iem.Vi\u010di"},"content":{"rendered":"<p>Sast\u0101vda\u013cas: surimi gabali\u0146i 37% (surimi 35% (ZIVJU ga\u013ca, stabiliz\u0113t\u0101ji E420, E450, E451, E452, cukurs), \u016bdens, ciete (satur KVIE\u0160US), rehidr\u0113ts OLBALTUMA pulveris (no br\u012bvi audz\u0113t\u0101m vistu ol\u0101m), rap\u0161u e\u013c\u013ca, SOJAS olbaltumvielas, aromatiz\u0113t\u0101js (satur V\u0112\u017dVEID\u012aGOS un gar\u0161as pastiprin\u0101t\u0101ju: E635), s\u0101ls, cukurs, modific\u0113ta ciete, stabiliz\u0113t\u0101js: karagin\u0101ns, kr\u0101svielas: E120, E160c), balt\u0101 m\u0113rce 36% (\u016bdens, augu e\u013c\u013cas (1-rap\u0161u e\u013c\u013ca vai 2 &#8212; saulespu\u0137u e\u013c\u013ca), cukurs, modific\u0113tas cietes, s\u0101ls, sk\u0101buma regul\u0113t\u0101ji: eti\u0137sk\u0101be, citronsk\u0101be, biezin\u0101t\u0101jsi: E412, E401, E415, konservanti: n\u0101trija benzo\u0101ts, k\u0101lija sorb\u0101ts; SINEPJU aromatiz\u0113jas (satur SOJU)), konserv\u0113ti d\u0101rze\u0146i 12% (gur\u0137i, kukur\u016bza, eti\u0137is, s\u0101ls, cukurs, sk\u0101buma regul\u0113t\u0101js: citronsk\u0101be, gar\u0161vielu ekstrakts (satur SINEPES), saldin\u0101t\u0101js: E954), v\u0101r\u012bti r\u012bsi 10%, marin\u0113ti d\u0101rze\u0146i 5% (puravi, SELERIJAS, sk\u0101buma regul\u0113t\u0101js: eti\u0137sk\u0101be, s\u0101ls, konservants: N\u0100TRIJA METABISULF\u012aTS), aromatiz\u0113t\u0101js. Var satur\u0113t: PIENA\/LAKTOZES, MOLUSKU da\u013ci\u0146as. Uzturv\u0113rt\u012bba 100g produkta: ener\u0123\u0113tisk\u0101 v\u0113rt\u012bba 837kJ\/202kcal, tauki 16g, tostarp pies\u0101tin\u0101t\u0101s tauksk\u0101bes 1,3g, og\u013chidr\u0101ti 10g, tostarp cukuri 3,8g, olbaltumvielas 4,4g, s\u0101ls 1,5g. Uzglab\u0101\u0161anas temperat\u016bra: 0&#8230;+6C. P\u0113c atv\u0113r\u0161anas izlietot 48 stundu laik\u0101.<\/p>\n","protected":false},"excerpt":{"rendered":"<p>7.95 \u20ac\/kg<\/p>\n","protected":false},"featured_media":1255112,"template":"","meta":{"_acf_changed":false,"inline_featured_image":false},"product_cat":[586,135],"product_tag":[],"acf":[],"aioseo_notices":[],"_links":{"self":[{"href":"https:\/\/ventspils.citro.lv\/ru\/wp-json\/wp\/v2\/product\/192738"}],"collection":[{"href":"https:\/\/ventspils.citro.lv\/ru\/wp-json\/wp\/v2\/product"}],"about":[{"href":"https:\/\/ventspils.citro.lv\/ru\/wp-json\/wp\/v2\/types\/product"}],"wp:featuredmedia":[{"embeddable":true,"href":"https:\/\/ventspils.citro.lv\/ru\/wp-json\/wp\/v2\/media\/1255112"}],"wp:attachment":[{"href":"https:\/\/ventspils.citro.lv\/ru\/wp-json\/wp\/v2\/media?parent=192738"}],"wp:term":[{"taxonomy":"product_cat","embeddable":true,"href":"https:\/\/ventspils.citro.lv\/ru\/wp-json\/wp\/v2\/product_cat?post=192738"},{"taxonomy":"product_tag","embeddable":true,"href":"https:\/\/ventspils.citro.lv\/ru\/wp-json\/wp\/v2\/product_tag?post=192738"}],"curies":[{"name":"wp","href":"https:\/\/api.w.org\/{rel}","templated":true}]}}