{"id":192565,"date":"2026-01-13T01:33:16","date_gmt":"2026-01-12T23:33:16","guid":{"rendered":"https:\/\/ventspils.citro.lv\/veikals\/davanu-papirs-bruns-70x500cm\/"},"modified":"2026-01-13T01:33:29","modified_gmt":"2026-01-12T23:33:29","slug":"davanu-papirs-bruns-70x500cm","status":"publish","type":"product","link":"https:\/\/ventspils.citro.lv\/ru\/veikals\/davanu-papirs-bruns-70x500cm\/","title":{"rendered":"D\u0101vanu pap\u012brs br\u016bns 70x500cm"},"content":{"rendered":"","protected":false},"excerpt":{"rendered":"<p>1.59 \u20ac\/gb<\/p>\n","protected":false},"featured_media":1191766,"template":"","meta":{"_acf_changed":false,"inline_featured_image":false},"product_cat":[534,131],"product_tag":[],"acf":[],"aioseo_notices":[],"_links":{"self":[{"href":"https:\/\/ventspils.citro.lv\/ru\/wp-json\/wp\/v2\/product\/192565"}],"collection":[{"href":"https:\/\/ventspils.citro.lv\/ru\/wp-json\/wp\/v2\/product"}],"about":[{"href":"https:\/\/ventspils.citro.lv\/ru\/wp-json\/wp\/v2\/types\/product"}],"wp:featuredmedia":[{"embeddable":true,"href":"https:\/\/ventspils.citro.lv\/ru\/wp-json\/wp\/v2\/media\/1191766"}],"wp:attachment":[{"href":"https:\/\/ventspils.citro.lv\/ru\/wp-json\/wp\/v2\/media?parent=192565"}],"wp:term":[{"taxonomy":"product_cat","embeddable":true,"href":"https:\/\/ventspils.citro.lv\/ru\/wp-json\/wp\/v2\/product_cat?post=192565"},{"taxonomy":"product_tag","embeddable":true,"href":"https:\/\/ventspils.citro.lv\/ru\/wp-json\/wp\/v2\/product_tag?post=192565"}],"curies":[{"name":"wp","href":"https:\/\/api.w.org\/{rel}","templated":true}]}}