{"id":19157,"date":"2026-03-27T07:54:02","date_gmt":"2026-03-27T05:54:02","guid":{"rendered":"https:\/\/ventspils.citro.lv\/veikals\/cipsi-kviesu-ar-bekona-garsu-300g\/"},"modified":"2026-04-01T14:01:20","modified_gmt":"2026-04-01T11:01:20","slug":"cipsi-kviesu-ar-bekona-garsu-300g","status":"publish","type":"product","link":"https:\/\/ventspils.citro.lv\/ru\/veikals\/cipsi-kviesu-ar-bekona-garsu-300g\/","title":{"rendered":"\u010cipsi kvie\u0161u ar bekona gar\u0161u 300g"},"content":{"rendered":"","protected":false},"excerpt":{"rendered":"<p>7.30 \u20ac\/kg<\/p>\n","protected":false},"featured_media":1235928,"template":"","meta":{"_acf_changed":false,"inline_featured_image":false},"product_cat":[125,191],"product_tag":[],"acf":[],"aioseo_notices":[],"_links":{"self":[{"href":"https:\/\/ventspils.citro.lv\/ru\/wp-json\/wp\/v2\/product\/19157"}],"collection":[{"href":"https:\/\/ventspils.citro.lv\/ru\/wp-json\/wp\/v2\/product"}],"about":[{"href":"https:\/\/ventspils.citro.lv\/ru\/wp-json\/wp\/v2\/types\/product"}],"wp:featuredmedia":[{"embeddable":true,"href":"https:\/\/ventspils.citro.lv\/ru\/wp-json\/wp\/v2\/media\/1235928"}],"wp:attachment":[{"href":"https:\/\/ventspils.citro.lv\/ru\/wp-json\/wp\/v2\/media?parent=19157"}],"wp:term":[{"taxonomy":"product_cat","embeddable":true,"href":"https:\/\/ventspils.citro.lv\/ru\/wp-json\/wp\/v2\/product_cat?post=19157"},{"taxonomy":"product_tag","embeddable":true,"href":"https:\/\/ventspils.citro.lv\/ru\/wp-json\/wp\/v2\/product_tag?post=19157"}],"curies":[{"name":"wp","href":"https:\/\/api.w.org\/{rel}","templated":true}]}}