{"id":190839,"date":"2026-05-08T02:54:38","date_gmt":"2026-05-07T23:54:38","guid":{"rendered":"https:\/\/ventspils.citro.lv\/veikals\/vistas-skinkisi-majas-kup-forevers\/"},"modified":"2026-05-08T02:54:49","modified_gmt":"2026-05-07T23:54:49","slug":"vistas-skinkisi-majas-kup-forevers","status":"publish","type":"product","link":"https:\/\/ventspils.citro.lv\/ru\/veikals\/vistas-skinkisi-majas-kup-forevers\/","title":{"rendered":"Vistas \u0161\u0137i\u0146\u0137i\u0161i M\u0101jas k\u016bp. Forevers"},"content":{"rendered":"<p>Sast\u0101vda\u013cas: c\u0101\u013cu \u0161\u0137i\u0146\u0137is 97%, \u016bdens, s\u0101ls (konservants E250), stabiliz\u0113t\u0101ji E451, E407, E425, E415, modific\u0113t\u0101 ciete, gar\u0161as pastiprin\u0101t\u0101js E621, dekstroze, sk\u0101buma regul\u0113t\u0101js E262, antioksidants E316, gar\u0161vielu ekstrakts. Produkts var satur\u0113t sinepju, piena un sojas da\u013ci\u0146as. C\u0101\u013cu izcelsme ES. 100g produkta satur: ener\u0123\u0113tisk\u0101 v\u0113rt\u012bba 1184,6kJ\/282kcal, tauki 25,7g, tostarp pies\u0101tin\u0101t\u0101s tauksk\u0101bes 9g, og\u013chidr\u0101ti 0,8g, tostarp cukuri 0,1g, olbaltumvielas 11,9g, s\u0101ls 2,8g. Uzglab\u0101\u0161anas temperat\u016bra: +2&#8230;+6C.<\/p>\n","protected":false},"excerpt":{"rendered":"<p>6.89 \u20ac\/kg<\/p>\n","protected":false},"featured_media":1257603,"template":"","meta":{"_acf_changed":false,"inline_featured_image":false},"product_cat":[135,174],"product_tag":[],"acf":[],"aioseo_notices":[],"_links":{"self":[{"href":"https:\/\/ventspils.citro.lv\/ru\/wp-json\/wp\/v2\/product\/190839"}],"collection":[{"href":"https:\/\/ventspils.citro.lv\/ru\/wp-json\/wp\/v2\/product"}],"about":[{"href":"https:\/\/ventspils.citro.lv\/ru\/wp-json\/wp\/v2\/types\/product"}],"wp:featuredmedia":[{"embeddable":true,"href":"https:\/\/ventspils.citro.lv\/ru\/wp-json\/wp\/v2\/media\/1257603"}],"wp:attachment":[{"href":"https:\/\/ventspils.citro.lv\/ru\/wp-json\/wp\/v2\/media?parent=190839"}],"wp:term":[{"taxonomy":"product_cat","embeddable":true,"href":"https:\/\/ventspils.citro.lv\/ru\/wp-json\/wp\/v2\/product_cat?post=190839"},{"taxonomy":"product_tag","embeddable":true,"href":"https:\/\/ventspils.citro.lv\/ru\/wp-json\/wp\/v2\/product_tag?post=190839"}],"curies":[{"name":"wp","href":"https:\/\/api.w.org\/{rel}","templated":true}]}}