{"id":190803,"date":"2026-04-28T02:42:40","date_gmt":"2026-04-27T23:42:40","guid":{"rendered":"https:\/\/ventspils.citro.lv\/veikals\/zivju-kotletes-ceptas\/"},"modified":"2026-04-28T02:42:45","modified_gmt":"2026-04-27T23:42:45","slug":"zivju-kotletes-ceptas-sv","status":"publish","type":"product","link":"https:\/\/ventspils.citro.lv\/ru\/veikals\/zivju-kotletes-ceptas-sv\/","title":{"rendered":"Zivju kotletes ceptas sv."},"content":{"rendered":"<p>Sast\u0101vda\u013cas: m,eh\u0101niski atdal\u012bta LA\u0160A malt\u0101 ga\u013ca (lat. Salmo salar), (HEKA malt\u0101 ga\u013ca (lat. Merluccius productus) 18%, v\u0101r\u012bti r\u012bsi, MENCAS malt\u0101 ga\u013ca (lat. Gadus Macrocephalus) 13%, R\u012aVMAIZE (KVIE\u0160U milti, rap\u0161u e\u013c\u013ca, kartupe\u013cu ciete, s\u0101ls, pipari, gar\u0161vielu mais\u012bjums (s\u0101ls, cukurs, kalt\u0113ti d\u0101rze\u0146i), (burk\u0101ni, pastinaki, s\u012bpoli, p\u0113ters\u012b\u013ci, kurkuma), kukur\u016bzas putraimi). Uzturv\u0113rt\u012bba 100g produkta: ener\u0123\u0113tisk\u0101 v\u0113rt\u012bba: kJ\/kcal 672\/160, tauki 7,4g, tostarp pies\u0101tin\u0101t\u0101s tauksk\u0101bes 1,5g, og\u013chidr\u0101ti 8,3g, tostarp cukurs 0,2g, olbaltumvielas 15,1g, s\u0101ls 1,3g. P\u0113c atv\u0113r\u0161anas izlietot 48 stundu laik\u0101. Zivis nozvejotas: LASIS &#8212; Norv\u0113\u0123ijas zivju audz\u0113tav\u0101, HEKS &#8212; Atlantijas oke\u0101na dienvidaustrumu da\u013c\u0101 (FAO47), MENCA &#8212; Arlantijas oke\u0101na zieme\u013caustrumi (FAO61) ar \u017eaunu t\u012bkliem. Uzglab\u0101\u0161anas temperat\u016bra: +2&#8230;+6C.<\/p>\n","protected":false},"excerpt":{"rendered":"<p>6.99 \u20ac\/kg<\/p>\n","protected":false},"featured_media":1254129,"template":"","meta":{"_acf_changed":false,"inline_featured_image":false},"product_cat":[586,135],"product_tag":[],"acf":[],"aioseo_notices":[],"_links":{"self":[{"href":"https:\/\/ventspils.citro.lv\/ru\/wp-json\/wp\/v2\/product\/190803"}],"collection":[{"href":"https:\/\/ventspils.citro.lv\/ru\/wp-json\/wp\/v2\/product"}],"about":[{"href":"https:\/\/ventspils.citro.lv\/ru\/wp-json\/wp\/v2\/types\/product"}],"wp:featuredmedia":[{"embeddable":true,"href":"https:\/\/ventspils.citro.lv\/ru\/wp-json\/wp\/v2\/media\/1254129"}],"wp:attachment":[{"href":"https:\/\/ventspils.citro.lv\/ru\/wp-json\/wp\/v2\/media?parent=190803"}],"wp:term":[{"taxonomy":"product_cat","embeddable":true,"href":"https:\/\/ventspils.citro.lv\/ru\/wp-json\/wp\/v2\/product_cat?post=190803"},{"taxonomy":"product_tag","embeddable":true,"href":"https:\/\/ventspils.citro.lv\/ru\/wp-json\/wp\/v2\/product_tag?post=190803"}],"curies":[{"name":"wp","href":"https:\/\/api.w.org\/{rel}","templated":true}]}}