{"id":189987,"date":"2026-05-12T03:39:39","date_gmt":"2026-05-12T00:39:39","guid":{"rendered":"https:\/\/ventspils.citro.lv\/veikals\/siers-holandes-45-polija\/"},"modified":"2026-05-13T16:20:11","modified_gmt":"2026-05-13T13:20:11","slug":"siers-holandes-48","status":"publish","type":"product","link":"https:\/\/ventspils.citro.lv\/ru\/veikals\/siers-holandes-48\/","title":{"rendered":"Siers Holandes 48%"},"content":{"rendered":"<p>Nogatavin\u0101ts,ciets vid\u0113ji trekns siers.Tauku saturs sausn\u0101 45%. Pasteriz\u0113ts piens,v\u0101jpiens,p\u0101rtikas s\u0101ls,piensk\u0101bes bakt\u0113riju kult\u016bras,nogatavin\u0101\u0161anas kult\u016bras, mikrobiolo\u0123iskais ferments,cietin\u0101t\u0101js-kalcija hlor\u012bds,konservants k\u0101lija nitr\u0101ts,kr\u0101sv.anato.Uzglab\u0101\u0161anas temperst\u016brs no +0 C l\u012bdz +6 C<\/p>\n","protected":false},"excerpt":{"rendered":"<p>2.35 \u20ac\/kg<\/p>\n","protected":false},"featured_media":1258632,"template":"","meta":{"_acf_changed":false,"inline_featured_image":false},"product_cat":[600,95],"product_tag":[],"acf":[],"aioseo_notices":[],"_links":{"self":[{"href":"https:\/\/ventspils.citro.lv\/ru\/wp-json\/wp\/v2\/product\/189987"}],"collection":[{"href":"https:\/\/ventspils.citro.lv\/ru\/wp-json\/wp\/v2\/product"}],"about":[{"href":"https:\/\/ventspils.citro.lv\/ru\/wp-json\/wp\/v2\/types\/product"}],"wp:featuredmedia":[{"embeddable":true,"href":"https:\/\/ventspils.citro.lv\/ru\/wp-json\/wp\/v2\/media\/1258632"}],"wp:attachment":[{"href":"https:\/\/ventspils.citro.lv\/ru\/wp-json\/wp\/v2\/media?parent=189987"}],"wp:term":[{"taxonomy":"product_cat","embeddable":true,"href":"https:\/\/ventspils.citro.lv\/ru\/wp-json\/wp\/v2\/product_cat?post=189987"},{"taxonomy":"product_tag","embeddable":true,"href":"https:\/\/ventspils.citro.lv\/ru\/wp-json\/wp\/v2\/product_tag?post=189987"}],"curies":[{"name":"wp","href":"https:\/\/api.w.org\/{rel}","templated":true}]}}