{"id":18990,"date":"2026-05-14T02:09:14","date_gmt":"2026-05-13T23:09:14","guid":{"rendered":"https:\/\/ventspils.citro.lv\/veikals\/saldejums-majas-plombirs-vaf-gl-120ml-65g\/"},"modified":"2026-05-14T02:09:18","modified_gmt":"2026-05-13T23:09:18","slug":"saldejums-majas-plombirs-vaf-gl-120ml-65g","status":"publish","type":"product","link":"https:\/\/ventspils.citro.lv\/ru\/veikals\/saldejums-majas-plombirs-vaf-gl-120ml-65g\/","title":{"rendered":"Sald\u0113jums M\u0101jas plomb\u012brs vaf.gl.120ml\/65g"},"content":{"rendered":"","protected":false},"excerpt":{"rendered":"<p>18.31 \u20ac\/kg<\/p>\n","protected":false},"featured_media":1260591,"template":"","meta":{"_acf_changed":false,"inline_featured_image":false},"product_cat":[233,555],"product_tag":[],"acf":[],"aioseo_notices":[],"_links":{"self":[{"href":"https:\/\/ventspils.citro.lv\/ru\/wp-json\/wp\/v2\/product\/18990"}],"collection":[{"href":"https:\/\/ventspils.citro.lv\/ru\/wp-json\/wp\/v2\/product"}],"about":[{"href":"https:\/\/ventspils.citro.lv\/ru\/wp-json\/wp\/v2\/types\/product"}],"wp:featuredmedia":[{"embeddable":true,"href":"https:\/\/ventspils.citro.lv\/ru\/wp-json\/wp\/v2\/media\/1260591"}],"wp:attachment":[{"href":"https:\/\/ventspils.citro.lv\/ru\/wp-json\/wp\/v2\/media?parent=18990"}],"wp:term":[{"taxonomy":"product_cat","embeddable":true,"href":"https:\/\/ventspils.citro.lv\/ru\/wp-json\/wp\/v2\/product_cat?post=18990"},{"taxonomy":"product_tag","embeddable":true,"href":"https:\/\/ventspils.citro.lv\/ru\/wp-json\/wp\/v2\/product_tag?post=18990"}],"curies":[{"name":"wp","href":"https:\/\/api.w.org\/{rel}","templated":true}]}}