{"id":18986,"date":"2026-04-16T02:33:48","date_gmt":"2026-04-15T23:33:48","guid":{"rendered":"https:\/\/ventspils.citro.lv\/veikals\/garneles-varitas-saldetas-caula-350g\/"},"modified":"2026-04-16T02:33:59","modified_gmt":"2026-04-15T23:33:59","slug":"garneles-varitas-saldetas-caula-350g","status":"publish","type":"product","link":"https:\/\/ventspils.citro.lv\/ru\/veikals\/garneles-varitas-saldetas-caula-350g\/","title":{"rendered":"Garneles v\u0101r\u012btas sald\u0113tas \u010daul\u0101 350g"},"content":{"rendered":"","protected":false},"excerpt":{"rendered":"<p>14.26 \u20ac\/kg<\/p>\n","protected":false},"featured_media":1246396,"template":"","meta":{"_acf_changed":false,"inline_featured_image":false},"product_cat":[231,564],"product_tag":[],"acf":[],"aioseo_notices":[],"_links":{"self":[{"href":"https:\/\/ventspils.citro.lv\/ru\/wp-json\/wp\/v2\/product\/18986"}],"collection":[{"href":"https:\/\/ventspils.citro.lv\/ru\/wp-json\/wp\/v2\/product"}],"about":[{"href":"https:\/\/ventspils.citro.lv\/ru\/wp-json\/wp\/v2\/types\/product"}],"wp:featuredmedia":[{"embeddable":true,"href":"https:\/\/ventspils.citro.lv\/ru\/wp-json\/wp\/v2\/media\/1246396"}],"wp:attachment":[{"href":"https:\/\/ventspils.citro.lv\/ru\/wp-json\/wp\/v2\/media?parent=18986"}],"wp:term":[{"taxonomy":"product_cat","embeddable":true,"href":"https:\/\/ventspils.citro.lv\/ru\/wp-json\/wp\/v2\/product_cat?post=18986"},{"taxonomy":"product_tag","embeddable":true,"href":"https:\/\/ventspils.citro.lv\/ru\/wp-json\/wp\/v2\/product_tag?post=18986"}],"curies":[{"name":"wp","href":"https:\/\/api.w.org\/{rel}","templated":true}]}}